{"id":7305,"date":"2022-01-28T14:04:43","date_gmt":"2022-01-28T13:04:43","guid":{"rendered":"https:\/\/www.axepta.be\/?page_id=7305"},"modified":"2022-08-09T13:29:41","modified_gmt":"2022-08-09T11:29:41","slug":"legislation","status":"publish","type":"page","link":"https:\/\/www.axeptabnpparibas.be\/fr\/promo\/legislation\/","title":{"rendered":"Promotion l\u00e9gislation"},"content":{"rendered":"\n<p class=\"has-text-align-center\"><em>Cette promotion a pris fin. <\/em><\/p>\n\n\n\n<div id=\"title-category-image-block_617a73ac240eb\" class=\"block-title-category-image     mozaique-topleft image--mobile-hidden\">\n\n    <div class=\"container\">\n\n                    <div class=\"image\">\n                <img loading=\"lazy\" decoding=\"async\" width=\"475\" height=\"554\" src=\"\/wp-content\/uploads\/2022\/01\/payment-retail-475x554.png\" class=\"attachment-image-title-category size-image-title-category\" alt=\"\" srcset=\"\/wp-content\/uploads\/2022\/01\/payment-retail.png 475w, \/wp-content\/uploads\/2022\/01\/payment-retail-257x300.png 257w, \/wp-content\/uploads\/2022\/01\/payment-retail-30x35.png 30w\" sizes=\"auto, (max-width: 475px) 100vw, 475px\" \/>            <\/div>\n        \n        <div class=\"infos\">        \n                            <span class=\"title-category\">Votre terminal de paiement avec une r\u00e9duction<\/span>\n              \n\n                            <h2 class=\"title\">\u00cates-vous pr\u00eat(e) pour la nouvelle loi ?<\/h2>\n                        \n                                <div class=\"abstract\"><p>Proposer une solution de paiement \u00e9lectronique n&rsquo;est plus facultatif. Depuis le 1<sup>er<\/sup> juillet 2022, en tant que commer\u00e7ant, <strong>vous \u00eates oblig\u00e9 par les autorit\u00e9s belges d&rsquo;offrir \u00e0 vos clients la possibilit\u00e9 de payer de mani\u00e8re \u00e9lectronique<\/strong>. Axepta BNP Paribas est heureux de vous donner le coup de pouce dont vous avez besoin.<\/p>\n<p>Vous pouvez d\u00e9couvrir plus sur <a href=\"https:\/\/economie.lpages.co\/paiementselectroniques\/\" target=\"_blank\" rel=\"noopener\">la nouvelle l\u00e9gislation ici<\/a>.<br \/>\n<a class=\"btn btn-primary\" href=\"https:\/\/www.axeptabnpparibas.be\/fr\/contactez-nous\/#contact\" rel=\"noopener\">Demandez une offre<\/a><\/p>\n<\/div>\n            \n                    <\/div>\n\n    <\/div>\n\n<\/div>","protected":false},"excerpt":{"rendered":"<p>Cette promotion a pris fin.<\/p>\n","protected":false},"author":17,"featured_media":0,"parent":3849,"menu_order":0,"comment_status":"closed","ping_status":"closed","template":"","meta":{"_acf_changed":false,"footnotes":""},"class_list":["post-7305","page","type-page","status-publish","hentry"],"acf":[],"yoast_head":"<!-- This site is optimized with the Yoast SEO plugin v27.3 - https:\/\/yoast.com\/product\/yoast-seo-wordpress\/ -->\n<title>Promotion l\u00e9gislation - Axepta BNP Paribas<\/title>\n<meta name=\"robots\" content=\"index, follow, max-snippet:-1, max-image-preview:large, max-video-preview:-1\" \/>\n<link rel=\"canonical\" href=\"https:\/\/www.axeptabnpparibas.be\/fr\/promo\/legislation\/\" \/>\n<meta property=\"og:locale\" content=\"fr_FR\" \/>\n<meta property=\"og:type\" content=\"article\" \/>\n<meta property=\"og:title\" content=\"Promotion l\u00e9gislation - Axepta BNP Paribas\" \/>\n<meta property=\"og:description\" content=\"Cette promotion a pris fin.\" \/>\n<meta property=\"og:url\" content=\"https:\/\/www.axeptabnpparibas.be\/fr\/promo\/legislation\/\" \/>\n<meta property=\"og:site_name\" content=\"Axepta BNP Paribas\" \/>\n<meta property=\"article:modified_time\" content=\"2022-08-09T11:29:41+00:00\" \/>\n<meta name=\"twitter:card\" content=\"summary_large_image\" \/>\n<meta name=\"twitter:label1\" content=\"Dur\u00e9e de lecture estim\u00e9e\" \/>\n\t<meta name=\"twitter:data1\" content=\"1 minute\" \/>\n<script type=\"application\/ld+json\" class=\"yoast-schema-graph\">{\"@context\":\"https:\\\/\\\/schema.org\",\"@graph\":[{\"@type\":\"WebPage\",\"@id\":\"https:\\\/\\\/www.axeptabnpparibas.be\\\/fr\\\/promo\\\/legislation\\\/\",\"url\":\"https:\\\/\\\/www.axeptabnpparibas.be\\\/fr\\\/promo\\\/legislation\\\/\",\"name\":\"Promotion l\u00e9gislation - Axepta BNP Paribas\",\"isPartOf\":{\"@id\":\"https:\\\/\\\/www.axeptabnpparibas.be\\\/#website\"},\"datePublished\":\"2022-01-28T13:04:43+00:00\",\"dateModified\":\"2022-08-09T11:29:41+00:00\",\"breadcrumb\":{\"@id\":\"https:\\\/\\\/www.axeptabnpparibas.be\\\/fr\\\/promo\\\/legislation\\\/#breadcrumb\"},\"inLanguage\":\"fr-FR\",\"potentialAction\":[{\"@type\":\"ReadAction\",\"target\":[\"https:\\\/\\\/www.axeptabnpparibas.be\\\/fr\\\/promo\\\/legislation\\\/\"]}]},{\"@type\":\"BreadcrumbList\",\"@id\":\"https:\\\/\\\/www.axeptabnpparibas.be\\\/fr\\\/promo\\\/legislation\\\/#breadcrumb\",\"itemListElement\":[{\"@type\":\"ListItem\",\"position\":1,\"name\":\"Home\",\"item\":\"https:\\\/\\\/www.axeptabnpparibas.be\\\/fr\\\/\"},{\"@type\":\"ListItem\",\"position\":2,\"name\":\"Promotions\",\"item\":\"https:\\\/\\\/www.axeptabnpparibas.be\\\/fr\\\/promo\\\/\"},{\"@type\":\"ListItem\",\"position\":3,\"name\":\"Promotion l\u00e9gislation\"}]},{\"@type\":\"WebSite\",\"@id\":\"https:\\\/\\\/www.axeptabnpparibas.be\\\/#website\",\"url\":\"https:\\\/\\\/www.axeptabnpparibas.be\\\/\",\"name\":\"Axepta BNP Paribas\",\"description\":\"\",\"publisher\":{\"@id\":\"https:\\\/\\\/www.axeptabnpparibas.be\\\/#organization\"},\"potentialAction\":[{\"@type\":\"SearchAction\",\"target\":{\"@type\":\"EntryPoint\",\"urlTemplate\":\"https:\\\/\\\/www.axeptabnpparibas.be\\\/?s={search_term_string}\"},\"query-input\":{\"@type\":\"PropertyValueSpecification\",\"valueRequired\":true,\"valueName\":\"search_term_string\"}}],\"inLanguage\":\"fr-FR\"},{\"@type\":\"Organization\",\"@id\":\"https:\\\/\\\/www.axeptabnpparibas.be\\\/#organization\",\"name\":\"Axepta BNP Paribas\",\"url\":\"https:\\\/\\\/www.axeptabnpparibas.be\\\/\",\"logo\":{\"@type\":\"ImageObject\",\"inLanguage\":\"fr-FR\",\"@id\":\"https:\\\/\\\/www.axeptabnpparibas.be\\\/#\\\/schema\\\/logo\\\/image\\\/\",\"url\":\"\\\/wp-content\\\/uploads\\\/2020\\\/03\\\/Logo-BNP.svg\",\"contentUrl\":\"\\\/wp-content\\\/uploads\\\/2020\\\/03\\\/Logo-BNP.svg\",\"caption\":\"Axepta BNP Paribas\"},\"image\":{\"@id\":\"https:\\\/\\\/www.axeptabnpparibas.be\\\/#\\\/schema\\\/logo\\\/image\\\/\"}}]}<\/script>\n<!-- \/ Yoast SEO plugin. -->","yoast_head_json":{"title":"Promotion l\u00e9gislation - Axepta BNP Paribas","robots":{"index":"index","follow":"follow","max-snippet":"max-snippet:-1","max-image-preview":"max-image-preview:large","max-video-preview":"max-video-preview:-1"},"canonical":"https:\/\/www.axeptabnpparibas.be\/fr\/promo\/legislation\/","og_locale":"fr_FR","og_type":"article","og_title":"Promotion l\u00e9gislation - Axepta BNP Paribas","og_description":"Cette promotion a pris fin.","og_url":"https:\/\/www.axeptabnpparibas.be\/fr\/promo\/legislation\/","og_site_name":"Axepta BNP Paribas","article_modified_time":"2022-08-09T11:29:41+00:00","twitter_card":"summary_large_image","twitter_misc":{"Dur\u00e9e de lecture estim\u00e9e":"1 minute"},"schema":{"@context":"https:\/\/schema.org","@graph":[{"@type":"WebPage","@id":"https:\/\/www.axeptabnpparibas.be\/fr\/promo\/legislation\/","url":"https:\/\/www.axeptabnpparibas.be\/fr\/promo\/legislation\/","name":"Promotion l\u00e9gislation - Axepta BNP Paribas","isPartOf":{"@id":"https:\/\/www.axeptabnpparibas.be\/#website"},"datePublished":"2022-01-28T13:04:43+00:00","dateModified":"2022-08-09T11:29:41+00:00","breadcrumb":{"@id":"https:\/\/www.axeptabnpparibas.be\/fr\/promo\/legislation\/#breadcrumb"},"inLanguage":"fr-FR","potentialAction":[{"@type":"ReadAction","target":["https:\/\/www.axeptabnpparibas.be\/fr\/promo\/legislation\/"]}]},{"@type":"BreadcrumbList","@id":"https:\/\/www.axeptabnpparibas.be\/fr\/promo\/legislation\/#breadcrumb","itemListElement":[{"@type":"ListItem","position":1,"name":"Home","item":"https:\/\/www.axeptabnpparibas.be\/fr\/"},{"@type":"ListItem","position":2,"name":"Promotions","item":"https:\/\/www.axeptabnpparibas.be\/fr\/promo\/"},{"@type":"ListItem","position":3,"name":"Promotion l\u00e9gislation"}]},{"@type":"WebSite","@id":"https:\/\/www.axeptabnpparibas.be\/#website","url":"https:\/\/www.axeptabnpparibas.be\/","name":"Axepta BNP Paribas","description":"","publisher":{"@id":"https:\/\/www.axeptabnpparibas.be\/#organization"},"potentialAction":[{"@type":"SearchAction","target":{"@type":"EntryPoint","urlTemplate":"https:\/\/www.axeptabnpparibas.be\/?s={search_term_string}"},"query-input":{"@type":"PropertyValueSpecification","valueRequired":true,"valueName":"search_term_string"}}],"inLanguage":"fr-FR"},{"@type":"Organization","@id":"https:\/\/www.axeptabnpparibas.be\/#organization","name":"Axepta BNP Paribas","url":"https:\/\/www.axeptabnpparibas.be\/","logo":{"@type":"ImageObject","inLanguage":"fr-FR","@id":"https:\/\/www.axeptabnpparibas.be\/#\/schema\/logo\/image\/","url":"\/wp-content\/uploads\/2020\/03\/Logo-BNP.svg","contentUrl":"\/wp-content\/uploads\/2020\/03\/Logo-BNP.svg","caption":"Axepta BNP Paribas"},"image":{"@id":"https:\/\/www.axeptabnpparibas.be\/#\/schema\/logo\/image\/"}}]}},"_links":{"self":[{"href":"https:\/\/www.axeptabnpparibas.be\/fr\/wp-json\/wp\/v2\/pages\/7305","targetHints":{"allow":["GET"]}}],"collection":[{"href":"https:\/\/www.axeptabnpparibas.be\/fr\/wp-json\/wp\/v2\/pages"}],"about":[{"href":"https:\/\/www.axeptabnpparibas.be\/fr\/wp-json\/wp\/v2\/types\/page"}],"author":[{"embeddable":true,"href":"https:\/\/www.axeptabnpparibas.be\/fr\/wp-json\/wp\/v2\/users\/17"}],"replies":[{"embeddable":true,"href":"https:\/\/www.axeptabnpparibas.be\/fr\/wp-json\/wp\/v2\/comments?post=7305"}],"version-history":[{"count":10,"href":"https:\/\/www.axeptabnpparibas.be\/fr\/wp-json\/wp\/v2\/pages\/7305\/revisions"}],"predecessor-version":[{"id":10925,"href":"https:\/\/www.axeptabnpparibas.be\/fr\/wp-json\/wp\/v2\/pages\/7305\/revisions\/10925"}],"up":[{"embeddable":true,"href":"https:\/\/www.axeptabnpparibas.be\/fr\/wp-json\/wp\/v2\/pages\/3849"}],"wp:attachment":[{"href":"https:\/\/www.axeptabnpparibas.be\/fr\/wp-json\/wp\/v2\/media?parent=7305"}],"curies":[{"name":"wp","href":"https:\/\/api.w.org\/{rel}","templated":true}]}}