{"id":5780,"date":"2021-10-15T15:59:53","date_gmt":"2021-10-15T13:59:53","guid":{"rendered":"https:\/\/www.axepta.be\/?page_id=5780"},"modified":"2025-10-08T12:16:35","modified_gmt":"2025-10-08T10:16:35","slug":"accessoires-paperrolls","status":"publish","type":"page","link":"https:\/\/www.axeptabnpparibas.be\/fr\/accessoires-paperrolls\/","title":{"rendered":"Accessoires"},"content":{"rendered":"\n<div id=\"title-category-image-block_f23bed981788a28c57da74da27f2dfe9\" class=\"block-title-category-image     mozaique-topleft image--mobile-hidden\">\n\n    <div class=\"container\">\n\n                    <div class=\"image\">\n                <img loading=\"lazy\" decoding=\"async\" width=\"475\" height=\"554\" src=\"\/wp-content\/uploads\/2021\/05\/Copy-of-Untitled-475x554.png\" class=\"attachment-image-title-category size-image-title-category\" alt=\"\" srcset=\"\/wp-content\/uploads\/2021\/05\/Copy-of-Untitled.png 475w, \/wp-content\/uploads\/2021\/05\/Copy-of-Untitled-257x300.png 257w, \/wp-content\/uploads\/2021\/05\/Copy-of-Untitled-30x35.png 30w\" sizes=\"auto, (max-width: 475px) 100vw, 475px\" \/>            <\/div>\n        \n        <div class=\"infos\">        \n                            <span class=\"title-category\">Rouleaux de papier pour terminal<\/span>\n              \n\n                            <h2 class=\"title\">Commandez vos rouleaux de papier<\/h2>\n                        \n                                <div class=\"abstract\"><p>Une fois la transaction effectu\u00e9e, les clients souhaitent g\u00e9n\u00e9ralement recevoir une preuve de paiement. Cela fait partie de l\u2019exp\u00e9rience de paiement. Commandez d\u00e8s maintenant des nouveaux rouleaux de papier pour votre terminal de paiement.<\/p>\n<p>Vous pouvez facilement le faire sur notre site web <strong>par bo\u00eete de 20 ou 50 rouleaux<\/strong>.<\/p>\n<p>Les rouleaux de papier Axepta BNP Paribas sont \u00e9galement compatibles avec les terminaux Loyaltek et SIX.<\/p>\n<p><strong>Remplissez le formulaire ci-dessous !<\/strong><\/p>\n<\/div>\n            \n                    <\/div>\n\n    <\/div>\n\n<\/div>\n\n\n<div class=\"wp-block-cover alignfull axepta-section-form\"><img loading=\"lazy\" decoding=\"async\" width=\"2048\" height=\"1193\" class=\"wp-block-cover__image-background wp-image-14435\" alt=\"\" src=\"https:\/\/www.axeptabnpparibas.be\/wp-content\/uploads\/2023\/03\/Blogpost-Facilitate-Your-Taxes.png\" style=\"object-position:52% 14%\" data-object-fit=\"cover\" data-object-position=\"52% 14%\" srcset=\"\/wp-content\/uploads\/2023\/03\/Blogpost-Facilitate-Your-Taxes.png 2048w, \/wp-content\/uploads\/2023\/03\/Blogpost-Facilitate-Your-Taxes-300x175.png 300w, \/wp-content\/uploads\/2023\/03\/Blogpost-Facilitate-Your-Taxes-1024x597.png 1024w, \/wp-content\/uploads\/2023\/03\/Blogpost-Facilitate-Your-Taxes-768x447.png 768w, \/wp-content\/uploads\/2023\/03\/Blogpost-Facilitate-Your-Taxes-1536x895.png 1536w, \/wp-content\/uploads\/2023\/03\/Blogpost-Facilitate-Your-Taxes-60x35.png 60w, \/wp-content\/uploads\/2023\/03\/Blogpost-Facilitate-Your-Taxes-475x277.png 475w\" sizes=\"auto, (max-width: 2048px) 100vw, 2048px\" \/><span aria-hidden=\"true\" class=\"wp-block-cover__background has-background-dim-90 has-background-dim\" style=\"background-color:#00915a\"><\/span><div class=\"wp-block-cover__inner-container is-layout-flow wp-block-cover-is-layout-flow\">\n<div class=\"wp-block-getwid-advanced-spacer\" style=\"height:4vw\" aria-hidden=\"true\"><\/div>\n\n\n\n<div class=\"wp-block-group card\"><div class=\"wp-block-group__inner-container is-layout-constrained wp-block-group-is-layout-constrained\">\n<h2 class=\"wp-block-heading has-black-bnp-color has-text-color\">Commandez vos rouleaux de papier<\/h2>\n\n\n\n<div class=\"wp-block-contact-form-7-contact-form-selector\">\n<div class=\"wpcf7 no-js\" id=\"wpcf7-f7229-o1\" lang=\"fr-FR\" dir=\"ltr\" data-wpcf7-id=\"7229\">\n<div class=\"screen-reader-response\"><p role=\"status\" aria-live=\"polite\" aria-atomic=\"true\"><\/p> <ul><\/ul><\/div>\n<form action=\"\/fr\/wp-json\/wp\/v2\/pages\/5780#wpcf7-f7229-o1\" method=\"post\" class=\"wpcf7-form init cf7mls-no-scroll cf7mls-auto-return-first-step cf7mls-no-moving-animation\" aria-label=\"Formulaire de contact\" novalidate=\"novalidate\" data-status=\"init\">\n<fieldset class=\"hidden-fields-container\"><input type=\"hidden\" name=\"_wpcf7\" value=\"7229\" \/><input type=\"hidden\" name=\"_wpcf7_version\" value=\"6.1.5\" \/><input type=\"hidden\" name=\"_wpcf7_locale\" value=\"fr_FR\" \/><input type=\"hidden\" name=\"_wpcf7_unit_tag\" value=\"wpcf7-f7229-o1\" \/><input type=\"hidden\" name=\"_wpcf7_container_post\" value=\"0\" \/><input type=\"hidden\" name=\"_wpcf7_posted_data_hash\" value=\"\" \/><input type=\"hidden\" name=\"utm_medium\" value=\"Digital Marketing\" \/><input type=\"hidden\" name=\"utm_source\" value=\"\" \/><input type=\"hidden\" name=\"utm_campaign\" value=\"\" \/><input type=\"hidden\" name=\"language\" value=\"French\" \/><input type=\"hidden\" name=\"provider_id\" value=\"axepta\" \/>\n<\/fieldset>\n<p><span id=\"wpcf7-69d64767efa83-wrapper\" class=\"wpcf7-form-control-wrap honeypot-363-wrap\" style=\"display:none !important; visibility:hidden !important;\"><label for=\"wpcf7-69d64767efa83-field\" class=\"hp-message\">Veuillez laisser ce champ vide.<\/label><input id=\"wpcf7-69d64767efa83-field\"  class=\"wpcf7-form-control wpcf7-text\" type=\"text\" name=\"honeypot-363\" value=\"\" size=\"40\" tabindex=\"-1\" autocomplete=\"new-password\" \/><\/span>\n<\/p>\n<div class=\"row\">\n\t<div class=\"col-md-6\">\n\t\t<p><label for=\"your-first-name\">Pr\u00e9nom*<\/label>\n\t\t<\/p>\n\t<\/div>\n\t<div class=\"col-md-6\">\n\t\t<p><label><span class=\"wpcf7-form-control-wrap\" data-name=\"your-first-name\"><input size=\"40\" maxlength=\"400\" class=\"wpcf7-form-control wpcf7-text wpcf7-validates-as-required\" aria-required=\"true\" aria-invalid=\"false\" value=\"\" type=\"text\" name=\"your-first-name\" \/><\/span><\/label>\n\t\t<\/p>\n\t<\/div>\n<\/div>\n<div class=\"row\">\n\t<div class=\"col-md-6\">\n\t\t<p><label for=\"your-last-name\">Nom*<\/label>\n\t\t<\/p>\n\t<\/div>\n\t<div class=\"col-md-6\">\n\t\t<p><label><span class=\"wpcf7-form-control-wrap\" data-name=\"your-last-name\"><input size=\"40\" maxlength=\"400\" class=\"wpcf7-form-control wpcf7-text wpcf7-validates-as-required\" aria-required=\"true\" aria-invalid=\"false\" value=\"\" type=\"text\" name=\"your-last-name\" \/><\/span><\/label>\n\t\t<\/p>\n\t<\/div>\n<\/div>\n<div class=\"row\">\n\t<div class=\"col-md-6\">\n\t\t<p><label for=\"your-company\">Entreprise*<\/label>\n\t\t<\/p>\n\t<\/div>\n\t<div class=\"col-md-6\">\n\t\t<p><label><span class=\"wpcf7-form-control-wrap\" data-name=\"your-company\"><input size=\"40\" maxlength=\"400\" class=\"wpcf7-form-control wpcf7-text wpcf7-validates-as-required\" aria-required=\"true\" aria-invalid=\"false\" value=\"\" type=\"text\" name=\"your-company\" \/><\/span> <\/label>\n\t\t<\/p>\n\t<\/div>\n<\/div>\n<div class=\"row\">\n\t<div class=\"col-md-6\">\n\t\t<p><label for=\"your-siret\">Num\u00e9ro d'entreprise*<\/label>\n\t\t<\/p>\n\t<\/div>\n\t<div class=\"col-md-6\">\n\t\t<p><label><span class=\"wpcf7-form-control-wrap\" data-name=\"your-siret\"><input size=\"40\" maxlength=\"400\" class=\"wpcf7-form-control wpcf7-text wpcf7-validates-as-required\" aria-required=\"true\" aria-invalid=\"false\" value=\"\" type=\"text\" name=\"your-siret\" \/><\/span> <\/label>\n\t\t<\/p>\n\t<\/div>\n<\/div>\n<div class=\"row\">\n\t<div class=\"col-md-6\">\n\t\t<p><label for=\"your-address\">Adresse de livraison (au BeNeLux)*<\/label>\n\t\t<\/p>\n\t<\/div>\n\t<div class=\"col-md-6\">\n\t\t<p><label><span class=\"wpcf7-form-control-wrap\" data-name=\"your-address\"><input size=\"40\" maxlength=\"400\" class=\"wpcf7-form-control wpcf7-text wpcf7-validates-as-required\" aria-required=\"true\" aria-invalid=\"false\" value=\"\" type=\"text\" name=\"your-address\" \/><\/span> <\/label>\n\t\t<\/p>\n\t<\/div>\n<\/div>\n<div class=\"row\">\n\t<div class=\"col-md-6\">\n\t\t<p><label for=\"your-email\">Adresse e-mail*<\/label>\n\t\t<\/p>\n\t<\/div>\n\t<div class=\"col-md-6\">\n\t\t<p><span class=\"wpcf7-form-control-wrap\" data-name=\"your-email\"><input size=\"40\" maxlength=\"400\" class=\"wpcf7-form-control wpcf7-email wpcf7-validates-as-required wpcf7-text wpcf7-validates-as-email\" aria-required=\"true\" aria-invalid=\"false\" value=\"\" type=\"email\" name=\"your-email\" \/><\/span>\n\t\t<\/p>\n\t<\/div>\n<\/div>\n<div class=\"row\">\n\t<div class=\"col-md-6\">\n\t\t<p><label for=\"your-phone\">Num\u00e9ro de t\u00e9l\u00e9phone*<\/label>\n\t\t<\/p>\n\t<\/div>\n\t<div class=\"col-md-6\">\n\t\t<p><span class=\"wpcf7-form-control-wrap\" data-name=\"your-phone\"><input size=\"40\" maxlength=\"400\" class=\"wpcf7-form-control wpcf7-tel wpcf7-validates-as-required wpcf7-text wpcf7-validates-as-tel\" aria-required=\"true\" aria-invalid=\"false\" value=\"\" type=\"tel\" name=\"your-phone\" \/><\/span>\n\t\t<\/p>\n\t<\/div>\n<\/div>\n<div class=\"row\">\n\t<div class=\"col-md-6\">\n\t\t<p><label for=\"terminal id\">Terminal ID*<\/label><br \/>\n<em>*D\u00e9couvrez <a href=\"https:\/\/www.axeptabnpparibas.be\/wp-content\/uploads\/2023\/08\/FR-check-terminal-ID_LR.pdf\" target=\"_blank\">ici<\/a> o\u00f9 trouver votre identifiant de terminal (TID).<\/em>\n\t\t<\/p>\n\t<\/div>\n\t<div class=\"col-md-6\">\n\t\t<p><label><span class=\"wpcf7-form-control-wrap\" data-name=\"terminal-id\"><input size=\"40\" maxlength=\"400\" class=\"wpcf7-form-control wpcf7-text wpcf7-validates-as-required\" aria-required=\"true\" aria-invalid=\"false\" value=\"\" type=\"text\" name=\"terminal-id\" \/><\/span><\/label>\n\t\t<\/p>\n\t<\/div>\n<\/div>\n<div class=\"row mt-5\">\n\t<div class=\"col-md-12 mb-4\">\n\t\t<p><strong>Combien de rouleaux de papiers voulez-vous commander ?*<\/strong>\n\t\t<\/p>\n\t<\/div>\n\t<div class=\"col-md-6\">\n\t\t<p><label>Quantit\u00e9 de bo\u00eete(s) de 20 rouleaux <em>(e.g.: Remplissez \"2\" si vous voulez commander 2 x 20 rouleaux)<\/em><\/label><br \/>\n<span class=\"wpcf7-form-control-wrap\" data-name=\"your-paperrolls1\"><input size=\"40\" maxlength=\"400\" class=\"wpcf7-form-control wpcf7-text wpcf7-validates-as-required\" aria-required=\"true\" aria-invalid=\"false\" value=\"\" type=\"text\" name=\"your-paperrolls1\" \/><\/span>\n\t\t<\/p>\n\t<\/div>\n\t<div class=\"col-md-6\">\n\t\t<p><label>Quantit\u00e9 de bo\u00eete(s) de 50 rouleaux <em>(e.g.: Remplissez \"2\" si vous voulez commander 2 x 50 rouleaux)<\/em><\/label><br \/>\n<span class=\"wpcf7-form-control-wrap\" data-name=\"your-paperrolls2\"><input size=\"40\" maxlength=\"400\" class=\"wpcf7-form-control wpcf7-text wpcf7-validates-as-required\" aria-required=\"true\" aria-invalid=\"false\" value=\"\" type=\"text\" name=\"your-paperrolls2\" \/><\/span>\n\t\t<\/p>\n\t<\/div>\n\t<div class=\"col-md-12 mt-2\">\n\t\t<div>\n\t\t\t<p><em>*(1 x 20 rouleaux \u00e0 25 \u20ac \/ 2 x 20 rouleaux \u00e0 40 \u20ac \/ 1 x 50 rouleaux \u00e0 45 \u20ac \/ 2 x 50 rouleaux \u00e0 80 \u20ac HTVA \u2013 livraison incluse)<\/em>\n\t\t\t<\/p>\n\t\t<\/div>\n\t<\/div>\n<\/div>\n<div class=\"row mt-5 mb-5\">\n\t<div class=\"col-md-6\">\n\t\t<p><label for=\"your-stickers\">Voulez-vous commander des autocollants des types de cartes accept\u00e9s ?*<\/label>\n\t\t<\/p>\n\t<\/div>\n\t<div class=\"col-md-6\">\n\t\t<p><span class=\"wpcf7-form-control-wrap\" data-name=\"your-stickers\"><span class=\"wpcf7-form-control wpcf7-checkbox wpcf7-validates-as-required\"><span class=\"wpcf7-list-item first\"><label><input type=\"checkbox\" name=\"your-stickers[]\" value=\"Oui\" \/><span class=\"wpcf7-list-item-label\">Oui<\/span><\/label><\/span><span class=\"wpcf7-list-item last\"><label><input type=\"checkbox\" name=\"your-stickers[]\" value=\"Non\" \/><span class=\"wpcf7-list-item-label\">Non<\/span><\/label><\/span><\/span><\/span>\n\t\t<\/p>\n\t<\/div>\n<\/div>\n<p><span class=\"wpcf7-form-control-wrap\" data-name=\"accept-this\"><span class=\"wpcf7-form-control wpcf7-acceptance\"><span class=\"wpcf7-list-item\"><label><input type=\"checkbox\" name=\"accept-this\" value=\"1\" aria-invalid=\"false\" \/><span class=\"wpcf7-list-item-label\">Les donn\u00e9es collect\u00e9es trait\u00e9es par Axepta BNP Paribas Benelux NV\/SA, en tant que responsable du traitement, ne sont utilis\u00e9es que pour l\u2019enqu\u00eate et le suivi de cette application. Pour plus de d\u00e9tails concernant les droits et obligations dans ce traitement, voyez les paragraphes 3 et 8 de la D\u00e9claration de confidentialit\u00e9.\u200b<\/span><\/label><\/span><\/span><\/span><br \/>\n<input class=\"wpcf7-form-control wpcf7-submit has-spinner btn btn-primary\" type=\"submit\" value=\"Envoyer\" \/>\n<\/p><input type='hidden' class='wpcf7-pum' value='{\"closepopup\":false,\"closedelay\":0,\"openpopup\":false,\"openpopup_id\":0}' \/><div class=\"wpcf7-response-output\" aria-hidden=\"true\"><\/div>\n<\/form>\n<\/div>\n<\/div>\n<\/div><\/div>\n<\/div><\/div>\n","protected":false},"excerpt":{"rendered":"","protected":false},"author":17,"featured_media":0,"parent":0,"menu_order":0,"comment_status":"closed","ping_status":"closed","template":"","meta":{"_acf_changed":false,"footnotes":""},"class_list":["post-5780","page","type-page","status-publish","hentry"],"acf":[],"yoast_head":"<!-- This site is optimized with the Yoast SEO plugin v27.1.1 - https:\/\/yoast.com\/product\/yoast-seo-wordpress\/ -->\n<title>Commandez vos rouleaux de papier pour terminal | Axepta BNP Paribas<\/title>\n<meta name=\"description\" content=\"Commandez d\u00e8s maintenant des nouveaux rouleaux de papier pour votre terminal de paiement sur notre site web par bo\u00eete de 20 ou 50 rouleaux.\" \/>\n<meta name=\"robots\" content=\"index, follow, max-snippet:-1, max-image-preview:large, max-video-preview:-1\" \/>\n<link rel=\"canonical\" href=\"https:\/\/www.axeptabnpparibas.be\/fr\/accessoires-paperrolls\/\" \/>\n<meta property=\"og:locale\" content=\"fr_FR\" \/>\n<meta property=\"og:type\" content=\"article\" \/>\n<meta property=\"og:title\" content=\"Commandez vos rouleaux de papier pour terminal | Axepta BNP Paribas\" \/>\n<meta property=\"og:description\" content=\"Commandez d\u00e8s maintenant des nouveaux rouleaux de papier pour votre terminal de paiement sur notre site web par bo\u00eete de 20 ou 50 rouleaux.\" \/>\n<meta property=\"og:url\" content=\"https:\/\/www.axeptabnpparibas.be\/fr\/accessoires-paperrolls\/\" \/>\n<meta property=\"og:site_name\" content=\"Axepta BNP Paribas\" \/>\n<meta property=\"article:modified_time\" content=\"2025-10-08T10:16:35+00:00\" \/>\n<meta property=\"og:image\" content=\"https:\/\/www.axeptabnpparibas.be\/wp-content\/uploads\/2023\/03\/Blogpost-Facilitate-Your-Taxes.png\" \/>\n<meta name=\"twitter:card\" content=\"summary_large_image\" \/>\n<meta name=\"twitter:label1\" content=\"Dur\u00e9e de lecture estim\u00e9e\" \/>\n\t<meta name=\"twitter:data1\" content=\"1 minute\" \/>\n<script type=\"application\/ld+json\" class=\"yoast-schema-graph\">{\"@context\":\"https:\/\/schema.org\",\"@graph\":[{\"@type\":\"WebPage\",\"@id\":\"https:\/\/www.axeptabnpparibas.be\/fr\/accessoires-paperrolls\/\",\"url\":\"https:\/\/www.axeptabnpparibas.be\/fr\/accessoires-paperrolls\/\",\"name\":\"Commandez vos rouleaux de papier pour terminal | Axepta BNP Paribas\",\"isPartOf\":{\"@id\":\"https:\/\/www.axeptabnpparibas.be\/#website\"},\"primaryImageOfPage\":{\"@id\":\"https:\/\/www.axeptabnpparibas.be\/fr\/accessoires-paperrolls\/#primaryimage\"},\"image\":{\"@id\":\"https:\/\/www.axeptabnpparibas.be\/fr\/accessoires-paperrolls\/#primaryimage\"},\"thumbnailUrl\":\"https:\/\/www.axeptabnpparibas.be\/wp-content\/uploads\/2023\/03\/Blogpost-Facilitate-Your-Taxes.png\",\"datePublished\":\"2021-10-15T13:59:53+00:00\",\"dateModified\":\"2025-10-08T10:16:35+00:00\",\"description\":\"Commandez d\u00e8s maintenant des nouveaux rouleaux de papier pour votre terminal de paiement sur notre site web par bo\u00eete de 20 ou 50 rouleaux.\",\"breadcrumb\":{\"@id\":\"https:\/\/www.axeptabnpparibas.be\/fr\/accessoires-paperrolls\/#breadcrumb\"},\"inLanguage\":\"fr-FR\",\"potentialAction\":[{\"@type\":\"ReadAction\",\"target\":[\"https:\/\/www.axeptabnpparibas.be\/fr\/accessoires-paperrolls\/\"]}]},{\"@type\":\"ImageObject\",\"inLanguage\":\"fr-FR\",\"@id\":\"https:\/\/www.axeptabnpparibas.be\/fr\/accessoires-paperrolls\/#primaryimage\",\"url\":\"https:\/\/www.axeptabnpparibas.be\/wp-content\/uploads\/2023\/03\/Blogpost-Facilitate-Your-Taxes.png\",\"contentUrl\":\"https:\/\/www.axeptabnpparibas.be\/wp-content\/uploads\/2023\/03\/Blogpost-Facilitate-Your-Taxes.png\"},{\"@type\":\"BreadcrumbList\",\"@id\":\"https:\/\/www.axeptabnpparibas.be\/fr\/accessoires-paperrolls\/#breadcrumb\",\"itemListElement\":[{\"@type\":\"ListItem\",\"position\":1,\"name\":\"Home\",\"item\":\"https:\/\/www.axeptabnpparibas.be\/fr\/\"},{\"@type\":\"ListItem\",\"position\":2,\"name\":\"Accessoires\"}]},{\"@type\":\"WebSite\",\"@id\":\"https:\/\/www.axeptabnpparibas.be\/#website\",\"url\":\"https:\/\/www.axeptabnpparibas.be\/\",\"name\":\"Axepta BNP Paribas\",\"description\":\"\",\"publisher\":{\"@id\":\"https:\/\/www.axeptabnpparibas.be\/#organization\"},\"potentialAction\":[{\"@type\":\"SearchAction\",\"target\":{\"@type\":\"EntryPoint\",\"urlTemplate\":\"https:\/\/www.axeptabnpparibas.be\/?s={search_term_string}\"},\"query-input\":{\"@type\":\"PropertyValueSpecification\",\"valueRequired\":true,\"valueName\":\"search_term_string\"}}],\"inLanguage\":\"fr-FR\"},{\"@type\":\"Organization\",\"@id\":\"https:\/\/www.axeptabnpparibas.be\/#organization\",\"name\":\"Axepta BNP Paribas\",\"url\":\"https:\/\/www.axeptabnpparibas.be\/\",\"logo\":{\"@type\":\"ImageObject\",\"inLanguage\":\"fr-FR\",\"@id\":\"https:\/\/www.axeptabnpparibas.be\/#\/schema\/logo\/image\/\",\"url\":\"\/wp-content\/uploads\/2020\/03\/Logo-BNP.svg\",\"contentUrl\":\"\/wp-content\/uploads\/2020\/03\/Logo-BNP.svg\",\"caption\":\"Axepta BNP Paribas\"},\"image\":{\"@id\":\"https:\/\/www.axeptabnpparibas.be\/#\/schema\/logo\/image\/\"}}]}<\/script>\n<!-- \/ Yoast SEO plugin. -->","yoast_head_json":{"title":"Commandez vos rouleaux de papier pour terminal | Axepta BNP Paribas","description":"Commandez d\u00e8s maintenant des nouveaux rouleaux de papier pour votre terminal de paiement sur notre site web par bo\u00eete de 20 ou 50 rouleaux.","robots":{"index":"index","follow":"follow","max-snippet":"max-snippet:-1","max-image-preview":"max-image-preview:large","max-video-preview":"max-video-preview:-1"},"canonical":"https:\/\/www.axeptabnpparibas.be\/fr\/accessoires-paperrolls\/","og_locale":"fr_FR","og_type":"article","og_title":"Commandez vos rouleaux de papier pour terminal | Axepta BNP Paribas","og_description":"Commandez d\u00e8s maintenant des nouveaux rouleaux de papier pour votre terminal de paiement sur notre site web par bo\u00eete de 20 ou 50 rouleaux.","og_url":"https:\/\/www.axeptabnpparibas.be\/fr\/accessoires-paperrolls\/","og_site_name":"Axepta BNP Paribas","article_modified_time":"2025-10-08T10:16:35+00:00","og_image":[{"url":"https:\/\/www.axeptabnpparibas.be\/wp-content\/uploads\/2023\/03\/Blogpost-Facilitate-Your-Taxes.png","type":"","width":"","height":""}],"twitter_card":"summary_large_image","twitter_misc":{"Dur\u00e9e de lecture estim\u00e9e":"1 minute"},"schema":{"@context":"https:\/\/schema.org","@graph":[{"@type":"WebPage","@id":"https:\/\/www.axeptabnpparibas.be\/fr\/accessoires-paperrolls\/","url":"https:\/\/www.axeptabnpparibas.be\/fr\/accessoires-paperrolls\/","name":"Commandez vos rouleaux de papier pour terminal | Axepta BNP Paribas","isPartOf":{"@id":"https:\/\/www.axeptabnpparibas.be\/#website"},"primaryImageOfPage":{"@id":"https:\/\/www.axeptabnpparibas.be\/fr\/accessoires-paperrolls\/#primaryimage"},"image":{"@id":"https:\/\/www.axeptabnpparibas.be\/fr\/accessoires-paperrolls\/#primaryimage"},"thumbnailUrl":"https:\/\/www.axeptabnpparibas.be\/wp-content\/uploads\/2023\/03\/Blogpost-Facilitate-Your-Taxes.png","datePublished":"2021-10-15T13:59:53+00:00","dateModified":"2025-10-08T10:16:35+00:00","description":"Commandez d\u00e8s maintenant des nouveaux rouleaux de papier pour votre terminal de paiement sur notre site web par bo\u00eete de 20 ou 50 rouleaux.","breadcrumb":{"@id":"https:\/\/www.axeptabnpparibas.be\/fr\/accessoires-paperrolls\/#breadcrumb"},"inLanguage":"fr-FR","potentialAction":[{"@type":"ReadAction","target":["https:\/\/www.axeptabnpparibas.be\/fr\/accessoires-paperrolls\/"]}]},{"@type":"ImageObject","inLanguage":"fr-FR","@id":"https:\/\/www.axeptabnpparibas.be\/fr\/accessoires-paperrolls\/#primaryimage","url":"https:\/\/www.axeptabnpparibas.be\/wp-content\/uploads\/2023\/03\/Blogpost-Facilitate-Your-Taxes.png","contentUrl":"https:\/\/www.axeptabnpparibas.be\/wp-content\/uploads\/2023\/03\/Blogpost-Facilitate-Your-Taxes.png"},{"@type":"BreadcrumbList","@id":"https:\/\/www.axeptabnpparibas.be\/fr\/accessoires-paperrolls\/#breadcrumb","itemListElement":[{"@type":"ListItem","position":1,"name":"Home","item":"https:\/\/www.axeptabnpparibas.be\/fr\/"},{"@type":"ListItem","position":2,"name":"Accessoires"}]},{"@type":"WebSite","@id":"https:\/\/www.axeptabnpparibas.be\/#website","url":"https:\/\/www.axeptabnpparibas.be\/","name":"Axepta BNP Paribas","description":"","publisher":{"@id":"https:\/\/www.axeptabnpparibas.be\/#organization"},"potentialAction":[{"@type":"SearchAction","target":{"@type":"EntryPoint","urlTemplate":"https:\/\/www.axeptabnpparibas.be\/?s={search_term_string}"},"query-input":{"@type":"PropertyValueSpecification","valueRequired":true,"valueName":"search_term_string"}}],"inLanguage":"fr-FR"},{"@type":"Organization","@id":"https:\/\/www.axeptabnpparibas.be\/#organization","name":"Axepta BNP Paribas","url":"https:\/\/www.axeptabnpparibas.be\/","logo":{"@type":"ImageObject","inLanguage":"fr-FR","@id":"https:\/\/www.axeptabnpparibas.be\/#\/schema\/logo\/image\/","url":"\/wp-content\/uploads\/2020\/03\/Logo-BNP.svg","contentUrl":"\/wp-content\/uploads\/2020\/03\/Logo-BNP.svg","caption":"Axepta BNP Paribas"},"image":{"@id":"https:\/\/www.axeptabnpparibas.be\/#\/schema\/logo\/image\/"}}]}},"_links":{"self":[{"href":"https:\/\/www.axeptabnpparibas.be\/fr\/wp-json\/wp\/v2\/pages\/5780","targetHints":{"allow":["GET"]}}],"collection":[{"href":"https:\/\/www.axeptabnpparibas.be\/fr\/wp-json\/wp\/v2\/pages"}],"about":[{"href":"https:\/\/www.axeptabnpparibas.be\/fr\/wp-json\/wp\/v2\/types\/page"}],"author":[{"embeddable":true,"href":"https:\/\/www.axeptabnpparibas.be\/fr\/wp-json\/wp\/v2\/users\/17"}],"replies":[{"embeddable":true,"href":"https:\/\/www.axeptabnpparibas.be\/fr\/wp-json\/wp\/v2\/comments?post=5780"}],"version-history":[{"count":11,"href":"https:\/\/www.axeptabnpparibas.be\/fr\/wp-json\/wp\/v2\/pages\/5780\/revisions"}],"predecessor-version":[{"id":23867,"href":"https:\/\/www.axeptabnpparibas.be\/fr\/wp-json\/wp\/v2\/pages\/5780\/revisions\/23867"}],"wp:attachment":[{"href":"https:\/\/www.axeptabnpparibas.be\/fr\/wp-json\/wp\/v2\/media?parent=5780"}],"curies":[{"name":"wp","href":"https:\/\/api.w.org\/{rel}","templated":true}]}}