{"id":5408,"date":"2021-07-02T09:32:45","date_gmt":"2021-07-02T07:32:45","guid":{"rendered":"https:\/\/www.axepta.be\/?page_id=5408"},"modified":"2023-02-14T10:45:42","modified_gmt":"2023-02-14T09:45:42","slug":"facturation","status":"publish","type":"page","link":"https:\/\/www.axeptabnpparibas.be\/fr\/facturation\/","title":{"rendered":"Facturation"},"content":{"rendered":"\r\n<div id=\"header-classic-block_ebb090fe6dedf6fb1be8a2be997adf90\" class=\"block-header-classic   \">\r\n\r\n    <div class=\"container\">    \r\n\r\n      <div class=\"block-header-classic-content\">\r\n                  <span class=\"title-category\">Les nouvelles factures<\/span>\r\n          \r\n\r\n                  <h1 class=\"title\">Axepta am\u00e9liore sa facturation !<\/h1>\r\n                \r\n                  <div class=\"abstract\"><p>Afin de vous donner une vision meilleure et plus structur\u00e9e des co\u00fbts de traitement de vos transactions, nous avons am\u00e9lior\u00e9 notre facturation. Quels changements pour vous ? Nous avons list\u00e9 les principaux changements ci-dessous.<\/p>\n<\/div>\r\n        \r\n              <\/div>\r\n\r\n      <div class=\"block-header-classic-image\">\r\n                    <div class=\"image\">\r\n                <img loading=\"lazy\" decoding=\"async\" width=\"475\" height=\"316\" src=\"\/wp-content\/uploads\/2020\/09\/mimi-thian-ZKBzlifgkgw-unsplash-1-475x316.jpg\" class=\"attachment-image-header-classic size-image-header-classic\" alt=\"\" \/>            <\/div>\r\n              <\/div>\r\n      \r\n    <\/div>\r\n\r\n<\/div>\n\n\n<div id=\"title-category-image-block_a80d88eda0f7c15d794591027e01548c\" class=\"block-title-category-image     mozaique-topleft \">\n\n    <div class=\"container\">\n\n                    <div class=\"image\">\n                <img loading=\"lazy\" decoding=\"async\" width=\"475\" height=\"554\" src=\"\/wp-content\/uploads\/2021\/01\/Naamloos-2-475x554.png\" class=\"attachment-image-title-category size-image-title-category\" alt=\"\" srcset=\"\/wp-content\/uploads\/2021\/01\/Naamloos-2.png 475w, \/wp-content\/uploads\/2021\/01\/Naamloos-2-257x300.png 257w, \/wp-content\/uploads\/2021\/01\/Naamloos-2-30x35.png 30w\" sizes=\"auto, (max-width: 475px) 100vw, 475px\" \/>            <\/div>\n        \n        <div class=\"infos\">        \n                            <span class=\"title-category\">Qu&rsquo;est-ce qui change pour vous ? <\/span>\n              \n\n                            <h2 class=\"title\">Lisibilit\u00e9<\/h2>\n                        \n                                <div class=\"abstract\"><p>Les factures ont une mise en page plus accessible ce qui am\u00e9liore la lisibilit\u00e9.<\/p>\n<\/div>\n            \n                    <\/div>\n\n    <\/div>\n\n<\/div>\n\n\n<div id=\"title-category-image-block_b0529d1642f09a49a4d23778f5e93e74\" class=\"block-title-category-image    image-right mozaique-topright \">\n\n    <div class=\"container\">\n\n                    <div class=\"image\">\n                <img loading=\"lazy\" decoding=\"async\" width=\"475\" height=\"475\" src=\"\/wp-content\/uploads\/2020\/09\/betaalterminal1-475x475.png\" class=\"attachment-image-title-category size-image-title-category\" alt=\"Fooi ontvangen betaalterminal\" srcset=\"\/wp-content\/uploads\/2020\/09\/betaalterminal1-475x475.png 475w, \/wp-content\/uploads\/2020\/09\/betaalterminal1-300x300.png 300w, \/wp-content\/uploads\/2020\/09\/betaalterminal1-150x150.png 150w, \/wp-content\/uploads\/2020\/09\/betaalterminal1-768x767.png 768w, \/wp-content\/uploads\/2020\/09\/betaalterminal1-35x35.png 35w, \/wp-content\/uploads\/2020\/09\/betaalterminal1.png 1024w\" sizes=\"auto, (max-width: 475px) 100vw, 475px\" \/>            <\/div>\n        \n        <div class=\"infos\">        \n                            <span class=\"title-category\">Qu&rsquo;est-ce qui change pour vous ? <\/span>\n              \n\n                            <h2 class=\"title\">Simplification<\/h2>\n                        \n                                <div class=\"abstract\"><ul>\n<li>Seuls votre chiffre d&rsquo;affaires, les commissions pay\u00e9es et la TVA sont mentionn\u00e9s.<\/li>\n<li>Vous obtiendrez une vue globale sur &#8230;<br \/>\n1. le montant des transactions par marque ;<br \/>\n2. le nombre de transactions par marque ;<br \/>\n3. les remboursements qui seront pr\u00e9sent\u00e9s s\u00e9par\u00e9ment.<\/li>\n<li>Nous ne montrerons plus un aper\u00e7u des transactions quotidiennes dans nos factures. Cependant, un aper\u00e7u d\u00e9taill\u00e9 sera toujours disponible dans votre PDF quotidien ou dans myPortal.<\/li>\n<\/ul>\n<\/div>\n            \n                    <\/div>\n\n    <\/div>\n\n<\/div>\n\n\n<div id=\"title-category-image-block_b725a34dd133763955ed3e0a40b9dc2d\" class=\"block-title-category-image     mozaique-topleft image--mobile-default\">\n\n    <div class=\"container\">\n\n                    <div class=\"image\">\n                <img loading=\"lazy\" decoding=\"async\" width=\"475\" height=\"475\" src=\"\/wp-content\/uploads\/2020\/12\/image_1-475x475.png\" class=\"attachment-image-title-category size-image-title-category\" alt=\"\" srcset=\"\/wp-content\/uploads\/2020\/12\/image_1-475x475.png 475w, \/wp-content\/uploads\/2020\/12\/image_1-300x300.png 300w, \/wp-content\/uploads\/2020\/12\/image_1-150x150.png 150w, \/wp-content\/uploads\/2020\/12\/image_1-768x768.png 768w, \/wp-content\/uploads\/2020\/12\/image_1-35x35.png 35w, \/wp-content\/uploads\/2020\/12\/image_1.png 800w\" sizes=\"auto, (max-width: 475px) 100vw, 475px\" \/>            <\/div>\n        \n        <div class=\"infos\">        \n                            <span class=\"title-category\">Facturation Axepta<\/span>\n              \n\n                            <h2 class=\"title\">Disponibilit\u00e9<\/h2>\n                        \n                                <div class=\"abstract\"><p>Nous avons remarqu\u00e9 que les factures sont peu consult\u00e9es dans myPortal, elles ne seront donc plus affich\u00e9es sur cette plateforme \u00e0 partir du 01\/04\/2023. Les factures \u00e9mises avant cette date seront toujours disponibles dans myPortal.<\/p>\n<\/div>\n            \n                    <\/div>\n\n    <\/div>\n\n<\/div>\n\n\n<div id=\"title-category-image-block_63b9dd2ef482d5aadad15a6124d80e07\" class=\"block-title-category-image    image-right mozaique-topright \">\n\n    <div class=\"container\">\n\n                    <div class=\"image\">\n                <img loading=\"lazy\" decoding=\"async\" width=\"475\" height=\"554\" src=\"\/wp-content\/uploads\/2021\/01\/Naamloos-2-475x554.png\" class=\"attachment-image-title-category size-image-title-category\" alt=\"\" srcset=\"\/wp-content\/uploads\/2021\/01\/Naamloos-2.png 475w, \/wp-content\/uploads\/2021\/01\/Naamloos-2-257x300.png 257w, \/wp-content\/uploads\/2021\/01\/Naamloos-2-30x35.png 30w\" sizes=\"auto, (max-width: 475px) 100vw, 475px\" \/>            <\/div>\n        \n        <div class=\"infos\">        \n                            <span class=\"title-category\">Vous avez un question?<\/span>\n              \n\n                            <h2 class=\"title\">Nous sommes l\u00e0 pour vous aider !<\/h2>\n                        \n                                <div class=\"abstract\"><p>Contactez le service client\u00e8le via <strong>support@axepta.be<\/strong> or <strong>02\/828 06 06.<\/strong><\/p>\n<\/div>\n            \n                    <\/div>\n\n    <\/div>\n\n<\/div>\n\n\n<p><\/p>\n","protected":false},"excerpt":{"rendered":"","protected":false},"author":17,"featured_media":0,"parent":0,"menu_order":0,"comment_status":"closed","ping_status":"closed","template":"","meta":{"_acf_changed":false,"footnotes":""},"class_list":["post-5408","page","type-page","status-publish","hentry"],"acf":[],"yoast_head":"<!-- This site is optimized with the Yoast SEO plugin v27.3 - https:\/\/yoast.com\/product\/yoast-seo-wordpress\/ -->\n<title>Facturation - Axepta BNP Paribas<\/title>\n<meta name=\"robots\" content=\"index, follow, max-snippet:-1, max-image-preview:large, max-video-preview:-1\" \/>\n<link rel=\"canonical\" href=\"https:\/\/www.axeptabnpparibas.be\/fr\/facturation\/\" \/>\n<meta property=\"og:locale\" content=\"fr_FR\" \/>\n<meta property=\"og:type\" content=\"article\" \/>\n<meta property=\"og:title\" content=\"Facturation - Axepta BNP Paribas\" \/>\n<meta property=\"og:url\" content=\"https:\/\/www.axeptabnpparibas.be\/fr\/facturation\/\" \/>\n<meta property=\"og:site_name\" content=\"Axepta BNP Paribas\" \/>\n<meta property=\"article:modified_time\" content=\"2023-02-14T09:45:42+00:00\" \/>\n<meta name=\"twitter:card\" content=\"summary_large_image\" \/>\n<script type=\"application\/ld+json\" class=\"yoast-schema-graph\">{\"@context\":\"https:\\\/\\\/schema.org\",\"@graph\":[{\"@type\":\"WebPage\",\"@id\":\"https:\\\/\\\/www.axeptabnpparibas.be\\\/fr\\\/facturation\\\/\",\"url\":\"https:\\\/\\\/www.axeptabnpparibas.be\\\/fr\\\/facturation\\\/\",\"name\":\"Facturation - Axepta BNP Paribas\",\"isPartOf\":{\"@id\":\"https:\\\/\\\/www.axeptabnpparibas.be\\\/#website\"},\"datePublished\":\"2021-07-02T07:32:45+00:00\",\"dateModified\":\"2023-02-14T09:45:42+00:00\",\"breadcrumb\":{\"@id\":\"https:\\\/\\\/www.axeptabnpparibas.be\\\/fr\\\/facturation\\\/#breadcrumb\"},\"inLanguage\":\"fr-FR\",\"potentialAction\":[{\"@type\":\"ReadAction\",\"target\":[\"https:\\\/\\\/www.axeptabnpparibas.be\\\/fr\\\/facturation\\\/\"]}]},{\"@type\":\"BreadcrumbList\",\"@id\":\"https:\\\/\\\/www.axeptabnpparibas.be\\\/fr\\\/facturation\\\/#breadcrumb\",\"itemListElement\":[{\"@type\":\"ListItem\",\"position\":1,\"name\":\"Home\",\"item\":\"https:\\\/\\\/www.axeptabnpparibas.be\\\/fr\\\/\"},{\"@type\":\"ListItem\",\"position\":2,\"name\":\"Facturation\"}]},{\"@type\":\"WebSite\",\"@id\":\"https:\\\/\\\/www.axeptabnpparibas.be\\\/#website\",\"url\":\"https:\\\/\\\/www.axeptabnpparibas.be\\\/\",\"name\":\"Axepta BNP Paribas\",\"description\":\"\",\"publisher\":{\"@id\":\"https:\\\/\\\/www.axeptabnpparibas.be\\\/#organization\"},\"potentialAction\":[{\"@type\":\"SearchAction\",\"target\":{\"@type\":\"EntryPoint\",\"urlTemplate\":\"https:\\\/\\\/www.axeptabnpparibas.be\\\/?s={search_term_string}\"},\"query-input\":{\"@type\":\"PropertyValueSpecification\",\"valueRequired\":true,\"valueName\":\"search_term_string\"}}],\"inLanguage\":\"fr-FR\"},{\"@type\":\"Organization\",\"@id\":\"https:\\\/\\\/www.axeptabnpparibas.be\\\/#organization\",\"name\":\"Axepta BNP Paribas\",\"url\":\"https:\\\/\\\/www.axeptabnpparibas.be\\\/\",\"logo\":{\"@type\":\"ImageObject\",\"inLanguage\":\"fr-FR\",\"@id\":\"https:\\\/\\\/www.axeptabnpparibas.be\\\/#\\\/schema\\\/logo\\\/image\\\/\",\"url\":\"\\\/wp-content\\\/uploads\\\/2020\\\/03\\\/Logo-BNP.svg\",\"contentUrl\":\"\\\/wp-content\\\/uploads\\\/2020\\\/03\\\/Logo-BNP.svg\",\"caption\":\"Axepta BNP Paribas\"},\"image\":{\"@id\":\"https:\\\/\\\/www.axeptabnpparibas.be\\\/#\\\/schema\\\/logo\\\/image\\\/\"}}]}<\/script>\n<!-- \/ Yoast SEO plugin. -->","yoast_head_json":{"title":"Facturation - Axepta BNP Paribas","robots":{"index":"index","follow":"follow","max-snippet":"max-snippet:-1","max-image-preview":"max-image-preview:large","max-video-preview":"max-video-preview:-1"},"canonical":"https:\/\/www.axeptabnpparibas.be\/fr\/facturation\/","og_locale":"fr_FR","og_type":"article","og_title":"Facturation - Axepta BNP Paribas","og_url":"https:\/\/www.axeptabnpparibas.be\/fr\/facturation\/","og_site_name":"Axepta BNP Paribas","article_modified_time":"2023-02-14T09:45:42+00:00","twitter_card":"summary_large_image","schema":{"@context":"https:\/\/schema.org","@graph":[{"@type":"WebPage","@id":"https:\/\/www.axeptabnpparibas.be\/fr\/facturation\/","url":"https:\/\/www.axeptabnpparibas.be\/fr\/facturation\/","name":"Facturation - Axepta BNP Paribas","isPartOf":{"@id":"https:\/\/www.axeptabnpparibas.be\/#website"},"datePublished":"2021-07-02T07:32:45+00:00","dateModified":"2023-02-14T09:45:42+00:00","breadcrumb":{"@id":"https:\/\/www.axeptabnpparibas.be\/fr\/facturation\/#breadcrumb"},"inLanguage":"fr-FR","potentialAction":[{"@type":"ReadAction","target":["https:\/\/www.axeptabnpparibas.be\/fr\/facturation\/"]}]},{"@type":"BreadcrumbList","@id":"https:\/\/www.axeptabnpparibas.be\/fr\/facturation\/#breadcrumb","itemListElement":[{"@type":"ListItem","position":1,"name":"Home","item":"https:\/\/www.axeptabnpparibas.be\/fr\/"},{"@type":"ListItem","position":2,"name":"Facturation"}]},{"@type":"WebSite","@id":"https:\/\/www.axeptabnpparibas.be\/#website","url":"https:\/\/www.axeptabnpparibas.be\/","name":"Axepta BNP Paribas","description":"","publisher":{"@id":"https:\/\/www.axeptabnpparibas.be\/#organization"},"potentialAction":[{"@type":"SearchAction","target":{"@type":"EntryPoint","urlTemplate":"https:\/\/www.axeptabnpparibas.be\/?s={search_term_string}"},"query-input":{"@type":"PropertyValueSpecification","valueRequired":true,"valueName":"search_term_string"}}],"inLanguage":"fr-FR"},{"@type":"Organization","@id":"https:\/\/www.axeptabnpparibas.be\/#organization","name":"Axepta BNP Paribas","url":"https:\/\/www.axeptabnpparibas.be\/","logo":{"@type":"ImageObject","inLanguage":"fr-FR","@id":"https:\/\/www.axeptabnpparibas.be\/#\/schema\/logo\/image\/","url":"\/wp-content\/uploads\/2020\/03\/Logo-BNP.svg","contentUrl":"\/wp-content\/uploads\/2020\/03\/Logo-BNP.svg","caption":"Axepta BNP Paribas"},"image":{"@id":"https:\/\/www.axeptabnpparibas.be\/#\/schema\/logo\/image\/"}}]}},"_links":{"self":[{"href":"https:\/\/www.axeptabnpparibas.be\/fr\/wp-json\/wp\/v2\/pages\/5408","targetHints":{"allow":["GET"]}}],"collection":[{"href":"https:\/\/www.axeptabnpparibas.be\/fr\/wp-json\/wp\/v2\/pages"}],"about":[{"href":"https:\/\/www.axeptabnpparibas.be\/fr\/wp-json\/wp\/v2\/types\/page"}],"author":[{"embeddable":true,"href":"https:\/\/www.axeptabnpparibas.be\/fr\/wp-json\/wp\/v2\/users\/17"}],"replies":[{"embeddable":true,"href":"https:\/\/www.axeptabnpparibas.be\/fr\/wp-json\/wp\/v2\/comments?post=5408"}],"version-history":[{"count":9,"href":"https:\/\/www.axeptabnpparibas.be\/fr\/wp-json\/wp\/v2\/pages\/5408\/revisions"}],"predecessor-version":[{"id":14202,"href":"https:\/\/www.axeptabnpparibas.be\/fr\/wp-json\/wp\/v2\/pages\/5408\/revisions\/14202"}],"wp:attachment":[{"href":"https:\/\/www.axeptabnpparibas.be\/fr\/wp-json\/wp\/v2\/media?parent=5408"}],"curies":[{"name":"wp","href":"https:\/\/api.w.org\/{rel}","templated":true}]}}