{"id":5363,"date":"2021-06-29T09:35:36","date_gmt":"2021-06-29T07:35:36","guid":{"rendered":"https:\/\/www.axepta.be\/?page_id=5363"},"modified":"2023-06-01T16:06:45","modified_gmt":"2023-06-01T14:06:45","slug":"hello-for-entrepreneurs","status":"publish","type":"page","link":"https:\/\/www.axeptabnpparibas.be\/fr\/hello-for-entrepreneurs\/","title":{"rendered":"Promotion Hello bank!"},"content":{"rendered":"\r\n<div id=\"header-classic-block_524458d43ff19e1b232f9a8e2975cb59\" class=\"block-header-classic   image--mobile-default\">\r\n\r\n    <div class=\"container\">    \r\n\r\n      <div class=\"block-header-classic-content\">\r\n                  <span class=\"title-category\">R\u00e9ductions r\u00e9serv\u00e9es aux clients de Hello Bank! <\/span>\r\n          \r\n\r\n                  <h1 class=\"title\">Promotion Hello bank!<\/h1>\r\n                \r\n                  <div class=\"abstract\"><p>Client chez <strong>Hello bank! <\/strong>? Cela signifie faire des affaires\u00a0<strong>avec des r\u00e9ductions<\/strong>, aussi chez Axepta BNP Paribas ! D\u00e9couvrez vos avantages exclusifs.<\/p>\n<\/div>\r\n        \r\n              <\/div>\r\n\r\n      <div class=\"block-header-classic-image\">\r\n                    <div class=\"image\">\r\n                <img loading=\"lazy\" decoding=\"async\" width=\"475\" height=\"316\" src=\"\/wp-content\/uploads\/2021\/04\/Naamloos-6-475x316.png\" class=\"attachment-image-header-classic size-image-header-classic\" alt=\"\" srcset=\"\/wp-content\/uploads\/2021\/04\/Naamloos-6.png 475w, \/wp-content\/uploads\/2021\/04\/Naamloos-6-300x200.png 300w, \/wp-content\/uploads\/2021\/04\/Naamloos-6-53x35.png 53w\" sizes=\"auto, (max-width: 475px) 100vw, 475px\" \/>            <\/div>\r\n              <\/div>\r\n      \r\n    <\/div>\r\n\r\n<\/div>\n\n\n<div id=\"title-category-image-block_7ceb6c676456f41c838102a7af7fecfa\" class=\"block-title-category-image     mozaique-topleft image--mobile-default\">\n\n    <div class=\"container\">\n\n                    <div class=\"image\">\n                <img loading=\"lazy\" decoding=\"async\" width=\"475\" height=\"554\" src=\"\/wp-content\/uploads\/2020\/09\/New-Project-21-475x554.png\" class=\"attachment-image-title-category size-image-title-category\" alt=\"\" srcset=\"\/wp-content\/uploads\/2020\/09\/New-Project-21.png 475w, \/wp-content\/uploads\/2020\/09\/New-Project-21-257x300.png 257w, \/wp-content\/uploads\/2020\/09\/New-Project-21-30x35.png 30w\" sizes=\"auto, (max-width: 475px) 100vw, 475px\" \/>            <\/div>\n        \n        <div class=\"infos\">        \n                            <span class=\"title-category\">Des r\u00e9ductions Hello bank!<\/span>\n              \n\n                            <h2 class=\"title\">Conditions<\/h2>\n                        \n                                <div class=\"abstract\"><ul>\n<li>La r\u00e9duction est valable sur un seul terminal et ne peut \u00eatre combin\u00e9e avec d\u2019autres offres.<\/li>\n<li>Valable uniquement pour les nouveaux contrats Axepta BNP Paribas et donc non valable pour l\u2019\u00e9change ou la reprise d\u2019un contrat existant.<\/li>\n<li>Valable uniquement pour les contrats \u00e0 long terme.<\/li>\n<\/ul>\n<\/div>\n            \n                    <\/div>\n\n    <\/div>\n\n<\/div>\n\n\n<div id=\"title-category-image-block_cb3105ad4ed7ede4aa1be3a576806a3b\" class=\"block-title-category-image    image-right mozaique-topright image--mobile-default\">\n\n    <div class=\"container\">\n\n                    <div class=\"image\">\n                <img loading=\"lazy\" decoding=\"async\" width=\"475\" height=\"475\" src=\"\/wp-content\/uploads\/2020\/12\/financiele-flow1-475x475.png\" class=\"attachment-image-title-category size-image-title-category\" alt=\"\" srcset=\"\/wp-content\/uploads\/2020\/12\/financiele-flow1-475x475.png 475w, \/wp-content\/uploads\/2020\/12\/financiele-flow1-300x300.png 300w, \/wp-content\/uploads\/2020\/12\/financiele-flow1-150x150.png 150w, \/wp-content\/uploads\/2020\/12\/financiele-flow1-768x767.png 768w, \/wp-content\/uploads\/2020\/12\/financiele-flow1-35x35.png 35w, \/wp-content\/uploads\/2020\/12\/financiele-flow1.png 1024w\" sizes=\"auto, (max-width: 475px) 100vw, 475px\" \/>            <\/div>\n        \n        <div class=\"infos\">        \n                            <span class=\"title-category\">R\u00e9ductions pour les clients de Hello bank!<\/span>\n              \n\n                            <h2 class=\"title\">Les avantages<\/h2>\n                        \n                                <div class=\"abstract\"><p><strong>Terminaux :\u00a0<\/strong><\/p>\n<ul>\n<li>5 % de r\u00e9duction \u00e0 l\u2019achat ou 1 mois de location gratuite<\/li>\n<li>2 mois d\u2019abonnement Bancontact gratuit<\/li>\n<\/ul>\n<p><strong>E-commerce :<\/strong><\/p>\n<ul>\n<li>10 % de r\u00e9duction sur les frais d\u2019activation<\/li>\n<li>1 mois d\u2019abonnement gratuit<\/li>\n<\/ul>\n<\/div>\n            \n                    <\/div>\n\n    <\/div>\n\n<\/div>\n\n\r\n<div id=\"cta-contact-block_e84a90b50fd8c1b94b0b9165eb620ef2\" class=\"block-cta-contact  \">\r\n  <div class=\"container\">\r\n    <div class=\"block-cta-contact-content\">\r\n      <div>\r\n              <span class=\"title-category\">Int\u00e9ress\u00e9 ?<\/span>\r\n                    <h2 class=\"title\">Profitez de ces r\u00e9ductions !<\/h2>\r\n            <\/div>\r\n      <div>\r\n              <a href=\"https:\/\/www.axeptabnpparibas.be\/fr\/contactez-nous\/bnppf\/\" class=\"btn btn-primary\" >\r\n          Contactez-nous        <\/a>\r\n            <\/div>\r\n    <\/div>\r\n  <\/div>\r\n<\/div>","protected":false},"excerpt":{"rendered":"","protected":false},"author":17,"featured_media":0,"parent":0,"menu_order":0,"comment_status":"closed","ping_status":"closed","template":"","meta":{"_acf_changed":false,"footnotes":""},"class_list":["post-5363","page","type-page","status-publish","hentry"],"acf":[],"yoast_head":"<!-- This site is optimized with the Yoast SEO plugin v27.3 - https:\/\/yoast.com\/product\/yoast-seo-wordpress\/ -->\n<title>Promotion Hello bank! - Axepta BNP Paribas<\/title>\n<meta name=\"robots\" content=\"index, follow, max-snippet:-1, max-image-preview:large, max-video-preview:-1\" \/>\n<link rel=\"canonical\" href=\"https:\/\/www.axeptabnpparibas.be\/fr\/hello-for-entrepreneurs\/\" \/>\n<meta property=\"og:locale\" content=\"fr_FR\" \/>\n<meta property=\"og:type\" content=\"article\" \/>\n<meta property=\"og:title\" content=\"Promotion Hello bank! - Axepta BNP Paribas\" \/>\n<meta property=\"og:url\" content=\"https:\/\/www.axeptabnpparibas.be\/fr\/hello-for-entrepreneurs\/\" \/>\n<meta property=\"og:site_name\" content=\"Axepta BNP Paribas\" \/>\n<meta property=\"article:modified_time\" content=\"2023-06-01T14:06:45+00:00\" \/>\n<meta name=\"twitter:card\" content=\"summary_large_image\" \/>\n<script type=\"application\/ld+json\" class=\"yoast-schema-graph\">{\"@context\":\"https:\\\/\\\/schema.org\",\"@graph\":[{\"@type\":\"WebPage\",\"@id\":\"https:\\\/\\\/www.axeptabnpparibas.be\\\/fr\\\/hello-for-entrepreneurs\\\/\",\"url\":\"https:\\\/\\\/www.axeptabnpparibas.be\\\/fr\\\/hello-for-entrepreneurs\\\/\",\"name\":\"Promotion Hello bank! - Axepta BNP Paribas\",\"isPartOf\":{\"@id\":\"https:\\\/\\\/www.axeptabnpparibas.be\\\/#website\"},\"datePublished\":\"2021-06-29T07:35:36+00:00\",\"dateModified\":\"2023-06-01T14:06:45+00:00\",\"breadcrumb\":{\"@id\":\"https:\\\/\\\/www.axeptabnpparibas.be\\\/fr\\\/hello-for-entrepreneurs\\\/#breadcrumb\"},\"inLanguage\":\"fr-FR\",\"potentialAction\":[{\"@type\":\"ReadAction\",\"target\":[\"https:\\\/\\\/www.axeptabnpparibas.be\\\/fr\\\/hello-for-entrepreneurs\\\/\"]}]},{\"@type\":\"BreadcrumbList\",\"@id\":\"https:\\\/\\\/www.axeptabnpparibas.be\\\/fr\\\/hello-for-entrepreneurs\\\/#breadcrumb\",\"itemListElement\":[{\"@type\":\"ListItem\",\"position\":1,\"name\":\"Home\",\"item\":\"https:\\\/\\\/www.axeptabnpparibas.be\\\/fr\\\/\"},{\"@type\":\"ListItem\",\"position\":2,\"name\":\"Promotion Hello bank!\"}]},{\"@type\":\"WebSite\",\"@id\":\"https:\\\/\\\/www.axeptabnpparibas.be\\\/#website\",\"url\":\"https:\\\/\\\/www.axeptabnpparibas.be\\\/\",\"name\":\"Axepta BNP Paribas\",\"description\":\"\",\"publisher\":{\"@id\":\"https:\\\/\\\/www.axeptabnpparibas.be\\\/#organization\"},\"potentialAction\":[{\"@type\":\"SearchAction\",\"target\":{\"@type\":\"EntryPoint\",\"urlTemplate\":\"https:\\\/\\\/www.axeptabnpparibas.be\\\/?s={search_term_string}\"},\"query-input\":{\"@type\":\"PropertyValueSpecification\",\"valueRequired\":true,\"valueName\":\"search_term_string\"}}],\"inLanguage\":\"fr-FR\"},{\"@type\":\"Organization\",\"@id\":\"https:\\\/\\\/www.axeptabnpparibas.be\\\/#organization\",\"name\":\"Axepta BNP Paribas\",\"url\":\"https:\\\/\\\/www.axeptabnpparibas.be\\\/\",\"logo\":{\"@type\":\"ImageObject\",\"inLanguage\":\"fr-FR\",\"@id\":\"https:\\\/\\\/www.axeptabnpparibas.be\\\/#\\\/schema\\\/logo\\\/image\\\/\",\"url\":\"\\\/wp-content\\\/uploads\\\/2020\\\/03\\\/Logo-BNP.svg\",\"contentUrl\":\"\\\/wp-content\\\/uploads\\\/2020\\\/03\\\/Logo-BNP.svg\",\"caption\":\"Axepta BNP Paribas\"},\"image\":{\"@id\":\"https:\\\/\\\/www.axeptabnpparibas.be\\\/#\\\/schema\\\/logo\\\/image\\\/\"}}]}<\/script>\n<!-- \/ Yoast SEO plugin. -->","yoast_head_json":{"title":"Promotion Hello bank! - Axepta BNP Paribas","robots":{"index":"index","follow":"follow","max-snippet":"max-snippet:-1","max-image-preview":"max-image-preview:large","max-video-preview":"max-video-preview:-1"},"canonical":"https:\/\/www.axeptabnpparibas.be\/fr\/hello-for-entrepreneurs\/","og_locale":"fr_FR","og_type":"article","og_title":"Promotion Hello bank! - Axepta BNP Paribas","og_url":"https:\/\/www.axeptabnpparibas.be\/fr\/hello-for-entrepreneurs\/","og_site_name":"Axepta BNP Paribas","article_modified_time":"2023-06-01T14:06:45+00:00","twitter_card":"summary_large_image","schema":{"@context":"https:\/\/schema.org","@graph":[{"@type":"WebPage","@id":"https:\/\/www.axeptabnpparibas.be\/fr\/hello-for-entrepreneurs\/","url":"https:\/\/www.axeptabnpparibas.be\/fr\/hello-for-entrepreneurs\/","name":"Promotion Hello bank! - Axepta BNP Paribas","isPartOf":{"@id":"https:\/\/www.axeptabnpparibas.be\/#website"},"datePublished":"2021-06-29T07:35:36+00:00","dateModified":"2023-06-01T14:06:45+00:00","breadcrumb":{"@id":"https:\/\/www.axeptabnpparibas.be\/fr\/hello-for-entrepreneurs\/#breadcrumb"},"inLanguage":"fr-FR","potentialAction":[{"@type":"ReadAction","target":["https:\/\/www.axeptabnpparibas.be\/fr\/hello-for-entrepreneurs\/"]}]},{"@type":"BreadcrumbList","@id":"https:\/\/www.axeptabnpparibas.be\/fr\/hello-for-entrepreneurs\/#breadcrumb","itemListElement":[{"@type":"ListItem","position":1,"name":"Home","item":"https:\/\/www.axeptabnpparibas.be\/fr\/"},{"@type":"ListItem","position":2,"name":"Promotion Hello bank!"}]},{"@type":"WebSite","@id":"https:\/\/www.axeptabnpparibas.be\/#website","url":"https:\/\/www.axeptabnpparibas.be\/","name":"Axepta BNP Paribas","description":"","publisher":{"@id":"https:\/\/www.axeptabnpparibas.be\/#organization"},"potentialAction":[{"@type":"SearchAction","target":{"@type":"EntryPoint","urlTemplate":"https:\/\/www.axeptabnpparibas.be\/?s={search_term_string}"},"query-input":{"@type":"PropertyValueSpecification","valueRequired":true,"valueName":"search_term_string"}}],"inLanguage":"fr-FR"},{"@type":"Organization","@id":"https:\/\/www.axeptabnpparibas.be\/#organization","name":"Axepta BNP Paribas","url":"https:\/\/www.axeptabnpparibas.be\/","logo":{"@type":"ImageObject","inLanguage":"fr-FR","@id":"https:\/\/www.axeptabnpparibas.be\/#\/schema\/logo\/image\/","url":"\/wp-content\/uploads\/2020\/03\/Logo-BNP.svg","contentUrl":"\/wp-content\/uploads\/2020\/03\/Logo-BNP.svg","caption":"Axepta BNP Paribas"},"image":{"@id":"https:\/\/www.axeptabnpparibas.be\/#\/schema\/logo\/image\/"}}]}},"_links":{"self":[{"href":"https:\/\/www.axeptabnpparibas.be\/fr\/wp-json\/wp\/v2\/pages\/5363","targetHints":{"allow":["GET"]}}],"collection":[{"href":"https:\/\/www.axeptabnpparibas.be\/fr\/wp-json\/wp\/v2\/pages"}],"about":[{"href":"https:\/\/www.axeptabnpparibas.be\/fr\/wp-json\/wp\/v2\/types\/page"}],"author":[{"embeddable":true,"href":"https:\/\/www.axeptabnpparibas.be\/fr\/wp-json\/wp\/v2\/users\/17"}],"replies":[{"embeddable":true,"href":"https:\/\/www.axeptabnpparibas.be\/fr\/wp-json\/wp\/v2\/comments?post=5363"}],"version-history":[{"count":10,"href":"https:\/\/www.axeptabnpparibas.be\/fr\/wp-json\/wp\/v2\/pages\/5363\/revisions"}],"predecessor-version":[{"id":15273,"href":"https:\/\/www.axeptabnpparibas.be\/fr\/wp-json\/wp\/v2\/pages\/5363\/revisions\/15273"}],"wp:attachment":[{"href":"https:\/\/www.axeptabnpparibas.be\/fr\/wp-json\/wp\/v2\/media?parent=5363"}],"curies":[{"name":"wp","href":"https:\/\/api.w.org\/{rel}","templated":true}]}}