{"id":4980,"date":"2021-05-20T11:02:55","date_gmt":"2021-05-20T09:02:55","guid":{"rendered":"https:\/\/www.axepta.be\/?page_id=4980"},"modified":"2025-03-26T14:13:09","modified_gmt":"2025-03-26T13:13:09","slug":"offres-demploi","status":"publish","type":"page","link":"https:\/\/www.axeptabnpparibas.be\/fr\/offres-demploi\/","title":{"rendered":"Offres d&#8217;emploi"},"content":{"rendered":"\r\n<div id=\"header-classic-block_ae1652a296ff13cc550e083ebf5441c3\" class=\"block-header-classic   image--mobile-default\">\r\n\r\n    <div class=\"container\">    \r\n\r\n      <div class=\"block-header-classic-content\">\r\n                  <span class=\"title-category\">Rejoignez-nous !<\/span>\r\n          \r\n\r\n                  <h1 class=\"title\">D\u00e9couvrez nos offres d&#8217;emploi<\/h1>\r\n                \r\n                  <div class=\"abstract\"><div><strong>Axepta BNP Paribas ne cesse de cro\u00eetre !<\/strong> Nous sommes toujours \u00e0 la recherche de personnes talentueuses et motiv\u00e9es pour renforcer notre belle \u00e9quipe. D\u00e9couvrez nos offres d&#8217;emploi ci-dessous et &#8230; rejoignez-nous vite !<\/div>\n<\/div>\r\n        \r\n              <\/div>\r\n\r\n      <div class=\"block-header-classic-image\">\r\n                    <div class=\"image\">\r\n                <img loading=\"lazy\" decoding=\"async\" width=\"475\" height=\"316\" src=\"\/wp-content\/uploads\/2021\/05\/vacancies-475x316.jpg\" class=\"attachment-image-header-classic size-image-header-classic\" alt=\"Axepta vacatures\" srcset=\"\/wp-content\/uploads\/2021\/05\/vacancies.jpg 475w, \/wp-content\/uploads\/2021\/05\/vacancies-300x200.jpg 300w, \/wp-content\/uploads\/2021\/05\/vacancies-53x35.jpg 53w\" sizes=\"auto, (max-width: 475px) 100vw, 475px\" \/>            <\/div>\r\n              <\/div>\r\n      \r\n    <\/div>\r\n\r\n<\/div>\n\n\n<div id=\"title-category-image-block_e619705bd50ded2ec86c93f2289ecadd\" class=\"block-title-category-image     mozaique-topleft image--mobile-hidden\">\n\n    <div class=\"container\">\n\n                    <div class=\"image\">\n                <img loading=\"lazy\" decoding=\"async\" width=\"475\" height=\"554\" src=\"\/wp-content\/uploads\/2021\/03\/New-Project-49-475x554.png\" class=\"attachment-image-title-category size-image-title-category\" alt=\"\" srcset=\"\/wp-content\/uploads\/2021\/03\/New-Project-49.png 475w, \/wp-content\/uploads\/2021\/03\/New-Project-49-257x300.png 257w, \/wp-content\/uploads\/2021\/03\/New-Project-49-30x35.png 30w\" sizes=\"auto, (max-width: 475px) 100vw, 475px\" \/>            <\/div>\n        \n        <div class=\"infos\">        \n                            <span class=\"title-category\">Rejoignez l&rsquo;\u00e9quipe !<\/span>\n              \n\n                            <h2 class=\"title\">Les offres d&#8217;emploi<\/h2>\n                        \n                                <div class=\"abstract\"><ul>\n<li>Nos offres d&#8217;emploi seront ajout\u00e9es ici<\/li>\n<\/ul>\n<\/div>\n            \n                    <\/div>\n\n    <\/div>\n\n<\/div>\n\n\n<div id=\"title-category-image-block_acd3a13c131b8a2d23ad6a3f193fe158\" class=\"block-title-category-image    image-right mozaique-topright image--mobile-default\">\n\n    <div class=\"container\">\n\n                    <div class=\"image\">\n                <img loading=\"lazy\" decoding=\"async\" width=\"475\" height=\"475\" src=\"\/wp-content\/uploads\/2020\/12\/image_1-475x475.png\" class=\"attachment-image-title-category size-image-title-category\" alt=\"\" srcset=\"\/wp-content\/uploads\/2020\/12\/image_1-475x475.png 475w, \/wp-content\/uploads\/2020\/12\/image_1-300x300.png 300w, \/wp-content\/uploads\/2020\/12\/image_1-150x150.png 150w, \/wp-content\/uploads\/2020\/12\/image_1-768x768.png 768w, \/wp-content\/uploads\/2020\/12\/image_1-35x35.png 35w, \/wp-content\/uploads\/2020\/12\/image_1.png 800w\" sizes=\"auto, (max-width: 475px) 100vw, 475px\" \/>            <\/div>\n        \n        <div class=\"infos\">        \n                            <span class=\"title-category\">QUI EST AXEPTA BNP Paribas ?<\/span>\n              \n\n                            <h2 class=\"title\">Qui sommes-nous? <\/h2>\n                        \n                                <div class=\"abstract\"><p>Bienvenue chez Axepta BNP Paribas Benelux! Nous sommes <strong>partenaire<\/strong> des commer\u00e7ant(e)s, PME et ind\u00e9pendant(e)s, <strong>en mati\u00e8re de traitement de paiements \u00e9lectroniques<\/strong>. Nous fournissons d\u00e9j\u00e0 ces services \u00e0 nos clients actuels, et nous sommes en pleine croissance.<\/p>\n<p>Pour r\u00e9aliser nos objectifs ambitieux, nous recherchons des coll\u00e8gues motiv\u00e9(e)s pour renforcer nos \u00e9quipes.<\/p>\n<\/div>\n            \n                    <\/div>\n\n    <\/div>\n\n<\/div>\n\n\n\t\n\t\t<div class=\"featured-post  \">\n\t\t\t<div class=\"container\">\n\t\t\t\t<article id=\"post-10980\" class=\"post-10980 post type-post status-publish format-standard has-post-thumbnail hentry category-temoignages\">\n\n\t\t\t\t\t<div class=\"row\">\n\n\t\t\t\t\t\t<div class=\"col-12 col-md-6 order-2 order-md-1\">\n\t\t\t\t\t\t\t<div class=\"post__meta\">\n\t\t\t\t\t\t\t\t<a href=\"https:\/\/www.axeptabnpparibas.be\/fr\/blog\/category\/temoignages\/\" rel=\"category tag\">T\u00e9moignages<\/a>\t\t\t\t\t\t\t<\/div><!-- .entry-meta -->\n\n\t\t\t\t\t\t\t<h3 class=\"post__title\">\n\t\t\t\t\t\t\t\t<a href=\"https:\/\/www.axeptabnpparibas.be\/fr\/blog\/2022\/08\/10\/valoriser-les-talents-en-interne-cest-invester-dans-son-future\/\" title=\"Valoriser les talents en interne, c&rsquo;est invester dans son future\" rel=\"bookmark\">\n\t\t\t\t\t\t\t\t\tValoriser les talents en interne, c&rsquo;est invester dans son future\t\t\t\t\t\t\t\t<\/a>\n\t\t\t\t\t\t\t<\/h3>\n\n\t\t\t\t\t\t\t<div class=\"post__excerpt\">\n\t\t\t\t\t\t\t\t<p>C\u2019est bien connu&nbsp;: la mobilit\u00e9 interne est un outil performant qui permet d\u2019optimiser la gestion de son personnel. Dans un contexte de guerre des talents, puiser dans ses propres ressources humaines est b\u00e9n\u00e9fique tant pour l\u2019entreprise, que pour l\u2019employ\u00e9. Chez Axepta BNP Paribas Benelux, la fid\u00e9lisation des employ\u00e9s talentueux est un objectif majeur. Alexandre, r\u00e9cemment [&hellip;]<\/p>\n\t\t\t\t\t\t\t<\/div>\n\n\t\t\t\t\t\t\t<a href=\"https:\/\/www.axeptabnpparibas.be\/fr\/blog\/2022\/08\/10\/valoriser-les-talents-en-interne-cest-invester-dans-son-future\/\" title=\"Valoriser les talents en interne, c&rsquo;est invester dans son future\" class=\"more-link btn btn-sm btn-primary\">\n\t\t\t\t\t\t\t\tEn savoir plus\t\t\t\t\t\t\t\t<span class=\"screen-reader-text sr-only\">\u00ab\u00a0Valoriser les talents en interne, c&rsquo;est invester dans son future\u00a0\u00bb<\/span>\n\t\t\t\t\t\t\t<\/a>\n\t\t\t\t\t\t<\/div>\n\n\t\t\t\t\t\t<div class=\"col-12 col-md-6 order-1 order-md-2\">\n\t\t\t\t\t\t\t\t\t\t\t\t\t\t\t<a href=\"https:\/\/www.axeptabnpparibas.be\/fr\/blog\/2022\/08\/10\/valoriser-les-talents-en-interne-cest-invester-dans-son-future\/\" class=\"post-thumbnail mb-md-0 mb-4\"\n\t\t\t\t\t\t\t\t   title=\"Valoriser les talents en interne, c&rsquo;est invester dans son future\" rel=\"bookmark\">\n\t\t\t\t\t\t\t\t\t<img loading=\"lazy\" decoding=\"async\" width=\"2560\" height=\"1982\" src=\"\/wp-content\/uploads\/2022\/08\/Alexandre-scaled.jpg\" class=\"attachment-full size-full wp-post-image\" alt=\"\" srcset=\"\/wp-content\/uploads\/2022\/08\/Alexandre-scaled.jpg 2560w, \/wp-content\/uploads\/2022\/08\/Alexandre-300x232.jpg 300w, \/wp-content\/uploads\/2022\/08\/Alexandre-1024x793.jpg 1024w, \/wp-content\/uploads\/2022\/08\/Alexandre-768x595.jpg 768w, \/wp-content\/uploads\/2022\/08\/Alexandre-1536x1189.jpg 1536w, \/wp-content\/uploads\/2022\/08\/Alexandre-2048x1586.jpg 2048w, \/wp-content\/uploads\/2022\/08\/Alexandre-45x35.jpg 45w, \/wp-content\/uploads\/2022\/08\/Alexandre-475x368.jpg 475w\" sizes=\"auto, (max-width: 2560px) 100vw, 2560px\" \/>\t\t\t\t\t\t\t\t<\/a>\n\t\t\t\t\t\t\t\t\t\t\t\t\t<\/div>\n\n\t\t\t\t\t<\/div>\n\n\t\t\t\t<\/article><!-- #post-## -->\n\n\t\t\t<\/div>\n\t\t<\/div>\n\n\t\n","protected":false},"excerpt":{"rendered":"","protected":false},"author":17,"featured_media":10971,"parent":0,"menu_order":0,"comment_status":"closed","ping_status":"closed","template":"","meta":{"_acf_changed":false,"footnotes":""},"class_list":["post-4980","page","type-page","status-publish","has-post-thumbnail","hentry"],"acf":[],"yoast_head":"<!-- This site is optimized with the Yoast SEO plugin v27.1.1 - https:\/\/yoast.com\/product\/yoast-seo-wordpress\/ -->\n<title>Offres d&#039;emploi | Axepta BNP Paribas | Nous recrutons | Rejoignez-nous<\/title>\n<meta name=\"description\" content=\"D\u00e9couvrez d\u00e8s maintenant nos offres d&#039;emploi et rejoignez une \u00e9quipe incroyable active dans le monde particuli\u00e8rement captivant du paiement !\" \/>\n<meta name=\"robots\" content=\"index, follow, max-snippet:-1, max-image-preview:large, max-video-preview:-1\" \/>\n<link rel=\"canonical\" href=\"https:\/\/www.axeptabnpparibas.be\/fr\/offres-demploi\/\" \/>\n<meta property=\"og:locale\" content=\"fr_FR\" \/>\n<meta property=\"og:type\" content=\"article\" \/>\n<meta property=\"og:title\" content=\"Offres d&#039;emploi | Axepta BNP Paribas | Nous recrutons | Rejoignez-nous\" \/>\n<meta property=\"og:description\" content=\"D\u00e9couvrez d\u00e8s maintenant nos offres d&#039;emploi et rejoignez une \u00e9quipe incroyable active dans le monde particuli\u00e8rement captivant du paiement !\" \/>\n<meta property=\"og:url\" content=\"https:\/\/www.axeptabnpparibas.be\/fr\/offres-demploi\/\" \/>\n<meta property=\"og:site_name\" content=\"Axepta BNP Paribas\" \/>\n<meta property=\"article:modified_time\" content=\"2025-03-26T13:13:09+00:00\" \/>\n<meta property=\"og:image\" content=\"https:\/\/www.axeptabnpparibas.be\/wp-content\/uploads\/2022\/08\/Untitled-design-56.png\" \/>\n\t<meta property=\"og:image:width\" content=\"1200\" \/>\n\t<meta property=\"og:image:height\" content=\"900\" \/>\n\t<meta property=\"og:image:type\" content=\"image\/png\" \/>\n<meta name=\"twitter:card\" content=\"summary_large_image\" \/>\n<meta name=\"twitter:label1\" content=\"Dur\u00e9e de lecture estim\u00e9e\" \/>\n\t<meta name=\"twitter:data1\" content=\"1 minute\" \/>\n<script type=\"application\/ld+json\" class=\"yoast-schema-graph\">{\"@context\":\"https:\/\/schema.org\",\"@graph\":[{\"@type\":\"WebPage\",\"@id\":\"https:\/\/www.axeptabnpparibas.be\/fr\/offres-demploi\/\",\"url\":\"https:\/\/www.axeptabnpparibas.be\/fr\/offres-demploi\/\",\"name\":\"Offres d'emploi | Axepta BNP Paribas | Nous recrutons | Rejoignez-nous\",\"isPartOf\":{\"@id\":\"https:\/\/www.axeptabnpparibas.be\/#website\"},\"primaryImageOfPage\":{\"@id\":\"https:\/\/www.axeptabnpparibas.be\/fr\/offres-demploi\/#primaryimage\"},\"image\":{\"@id\":\"https:\/\/www.axeptabnpparibas.be\/fr\/offres-demploi\/#primaryimage\"},\"thumbnailUrl\":\"\/wp-content\/uploads\/2022\/08\/Untitled-design-56.png\",\"datePublished\":\"2021-05-20T09:02:55+00:00\",\"dateModified\":\"2025-03-26T13:13:09+00:00\",\"description\":\"D\u00e9couvrez d\u00e8s maintenant nos offres d'emploi et rejoignez une \u00e9quipe incroyable active dans le monde particuli\u00e8rement captivant du paiement !\",\"breadcrumb\":{\"@id\":\"https:\/\/www.axeptabnpparibas.be\/fr\/offres-demploi\/#breadcrumb\"},\"inLanguage\":\"fr-FR\",\"potentialAction\":[{\"@type\":\"ReadAction\",\"target\":[\"https:\/\/www.axeptabnpparibas.be\/fr\/offres-demploi\/\"]}]},{\"@type\":\"ImageObject\",\"inLanguage\":\"fr-FR\",\"@id\":\"https:\/\/www.axeptabnpparibas.be\/fr\/offres-demploi\/#primaryimage\",\"url\":\"\/wp-content\/uploads\/2022\/08\/Untitled-design-56.png\",\"contentUrl\":\"\/wp-content\/uploads\/2022\/08\/Untitled-design-56.png\",\"width\":1200,\"height\":900},{\"@type\":\"BreadcrumbList\",\"@id\":\"https:\/\/www.axeptabnpparibas.be\/fr\/offres-demploi\/#breadcrumb\",\"itemListElement\":[{\"@type\":\"ListItem\",\"position\":1,\"name\":\"Home\",\"item\":\"https:\/\/www.axeptabnpparibas.be\/fr\/\"},{\"@type\":\"ListItem\",\"position\":2,\"name\":\"Offres d&#8217;emploi\"}]},{\"@type\":\"WebSite\",\"@id\":\"https:\/\/www.axeptabnpparibas.be\/#website\",\"url\":\"https:\/\/www.axeptabnpparibas.be\/\",\"name\":\"Axepta BNP Paribas\",\"description\":\"\",\"publisher\":{\"@id\":\"https:\/\/www.axeptabnpparibas.be\/#organization\"},\"potentialAction\":[{\"@type\":\"SearchAction\",\"target\":{\"@type\":\"EntryPoint\",\"urlTemplate\":\"https:\/\/www.axeptabnpparibas.be\/?s={search_term_string}\"},\"query-input\":{\"@type\":\"PropertyValueSpecification\",\"valueRequired\":true,\"valueName\":\"search_term_string\"}}],\"inLanguage\":\"fr-FR\"},{\"@type\":\"Organization\",\"@id\":\"https:\/\/www.axeptabnpparibas.be\/#organization\",\"name\":\"Axepta BNP Paribas\",\"url\":\"https:\/\/www.axeptabnpparibas.be\/\",\"logo\":{\"@type\":\"ImageObject\",\"inLanguage\":\"fr-FR\",\"@id\":\"https:\/\/www.axeptabnpparibas.be\/#\/schema\/logo\/image\/\",\"url\":\"\/wp-content\/uploads\/2020\/03\/Logo-BNP.svg\",\"contentUrl\":\"\/wp-content\/uploads\/2020\/03\/Logo-BNP.svg\",\"caption\":\"Axepta BNP Paribas\"},\"image\":{\"@id\":\"https:\/\/www.axeptabnpparibas.be\/#\/schema\/logo\/image\/\"}}]}<\/script>\n<!-- \/ Yoast SEO plugin. -->","yoast_head_json":{"title":"Offres d'emploi | Axepta BNP Paribas | Nous recrutons | Rejoignez-nous","description":"D\u00e9couvrez d\u00e8s maintenant nos offres d'emploi et rejoignez une \u00e9quipe incroyable active dans le monde particuli\u00e8rement captivant du paiement !","robots":{"index":"index","follow":"follow","max-snippet":"max-snippet:-1","max-image-preview":"max-image-preview:large","max-video-preview":"max-video-preview:-1"},"canonical":"https:\/\/www.axeptabnpparibas.be\/fr\/offres-demploi\/","og_locale":"fr_FR","og_type":"article","og_title":"Offres d'emploi | Axepta BNP Paribas | Nous recrutons | Rejoignez-nous","og_description":"D\u00e9couvrez d\u00e8s maintenant nos offres d'emploi et rejoignez une \u00e9quipe incroyable active dans le monde particuli\u00e8rement captivant du paiement !","og_url":"https:\/\/www.axeptabnpparibas.be\/fr\/offres-demploi\/","og_site_name":"Axepta BNP Paribas","article_modified_time":"2025-03-26T13:13:09+00:00","og_image":[{"width":1200,"height":900,"url":"https:\/\/www.axeptabnpparibas.be\/wp-content\/uploads\/2022\/08\/Untitled-design-56.png","type":"image\/png"}],"twitter_card":"summary_large_image","twitter_misc":{"Dur\u00e9e de lecture estim\u00e9e":"1 minute"},"schema":{"@context":"https:\/\/schema.org","@graph":[{"@type":"WebPage","@id":"https:\/\/www.axeptabnpparibas.be\/fr\/offres-demploi\/","url":"https:\/\/www.axeptabnpparibas.be\/fr\/offres-demploi\/","name":"Offres d'emploi | Axepta BNP Paribas | Nous recrutons | Rejoignez-nous","isPartOf":{"@id":"https:\/\/www.axeptabnpparibas.be\/#website"},"primaryImageOfPage":{"@id":"https:\/\/www.axeptabnpparibas.be\/fr\/offres-demploi\/#primaryimage"},"image":{"@id":"https:\/\/www.axeptabnpparibas.be\/fr\/offres-demploi\/#primaryimage"},"thumbnailUrl":"\/wp-content\/uploads\/2022\/08\/Untitled-design-56.png","datePublished":"2021-05-20T09:02:55+00:00","dateModified":"2025-03-26T13:13:09+00:00","description":"D\u00e9couvrez d\u00e8s maintenant nos offres d'emploi et rejoignez une \u00e9quipe incroyable active dans le monde particuli\u00e8rement captivant du paiement !","breadcrumb":{"@id":"https:\/\/www.axeptabnpparibas.be\/fr\/offres-demploi\/#breadcrumb"},"inLanguage":"fr-FR","potentialAction":[{"@type":"ReadAction","target":["https:\/\/www.axeptabnpparibas.be\/fr\/offres-demploi\/"]}]},{"@type":"ImageObject","inLanguage":"fr-FR","@id":"https:\/\/www.axeptabnpparibas.be\/fr\/offres-demploi\/#primaryimage","url":"\/wp-content\/uploads\/2022\/08\/Untitled-design-56.png","contentUrl":"\/wp-content\/uploads\/2022\/08\/Untitled-design-56.png","width":1200,"height":900},{"@type":"BreadcrumbList","@id":"https:\/\/www.axeptabnpparibas.be\/fr\/offres-demploi\/#breadcrumb","itemListElement":[{"@type":"ListItem","position":1,"name":"Home","item":"https:\/\/www.axeptabnpparibas.be\/fr\/"},{"@type":"ListItem","position":2,"name":"Offres d&#8217;emploi"}]},{"@type":"WebSite","@id":"https:\/\/www.axeptabnpparibas.be\/#website","url":"https:\/\/www.axeptabnpparibas.be\/","name":"Axepta BNP Paribas","description":"","publisher":{"@id":"https:\/\/www.axeptabnpparibas.be\/#organization"},"potentialAction":[{"@type":"SearchAction","target":{"@type":"EntryPoint","urlTemplate":"https:\/\/www.axeptabnpparibas.be\/?s={search_term_string}"},"query-input":{"@type":"PropertyValueSpecification","valueRequired":true,"valueName":"search_term_string"}}],"inLanguage":"fr-FR"},{"@type":"Organization","@id":"https:\/\/www.axeptabnpparibas.be\/#organization","name":"Axepta BNP Paribas","url":"https:\/\/www.axeptabnpparibas.be\/","logo":{"@type":"ImageObject","inLanguage":"fr-FR","@id":"https:\/\/www.axeptabnpparibas.be\/#\/schema\/logo\/image\/","url":"\/wp-content\/uploads\/2020\/03\/Logo-BNP.svg","contentUrl":"\/wp-content\/uploads\/2020\/03\/Logo-BNP.svg","caption":"Axepta BNP Paribas"},"image":{"@id":"https:\/\/www.axeptabnpparibas.be\/#\/schema\/logo\/image\/"}}]}},"_links":{"self":[{"href":"https:\/\/www.axeptabnpparibas.be\/fr\/wp-json\/wp\/v2\/pages\/4980","targetHints":{"allow":["GET"]}}],"collection":[{"href":"https:\/\/www.axeptabnpparibas.be\/fr\/wp-json\/wp\/v2\/pages"}],"about":[{"href":"https:\/\/www.axeptabnpparibas.be\/fr\/wp-json\/wp\/v2\/types\/page"}],"author":[{"embeddable":true,"href":"https:\/\/www.axeptabnpparibas.be\/fr\/wp-json\/wp\/v2\/users\/17"}],"replies":[{"embeddable":true,"href":"https:\/\/www.axeptabnpparibas.be\/fr\/wp-json\/wp\/v2\/comments?post=4980"}],"version-history":[{"count":11,"href":"https:\/\/www.axeptabnpparibas.be\/fr\/wp-json\/wp\/v2\/pages\/4980\/revisions"}],"predecessor-version":[{"id":22106,"href":"https:\/\/www.axeptabnpparibas.be\/fr\/wp-json\/wp\/v2\/pages\/4980\/revisions\/22106"}],"wp:featuredmedia":[{"embeddable":true,"href":"https:\/\/www.axeptabnpparibas.be\/fr\/wp-json\/wp\/v2\/media\/10971"}],"wp:attachment":[{"href":"https:\/\/www.axeptabnpparibas.be\/fr\/wp-json\/wp\/v2\/media?parent=4980"}],"curies":[{"name":"wp","href":"https:\/\/api.w.org\/{rel}","templated":true}]}}