{"id":2255,"date":"2020-09-30T06:41:59","date_gmt":"2020-09-30T04:41:59","guid":{"rendered":"https:\/\/www.axepta.be\/?page_id=2255"},"modified":"2025-10-20T12:59:49","modified_gmt":"2025-10-20T10:59:49","slug":"louer-terminal-de-paiement-courte-duree","status":"publish","type":"page","link":"https:\/\/www.axeptabnpparibas.be\/fr\/solutions\/louer-terminal-de-paiement-courte-duree\/","title":{"rendered":"Louez un terminal de paiement pour votre \u00e9v\u00e9nement"},"content":{"rendered":"\r\n<div id=\"header-classic-block_b6017d01f8534f97610b0806dab9ea18\" class=\"block-header-classic   image--mobile-default\">\r\n\r\n    <div class=\"container\">    \r\n\r\n      <div class=\"block-header-classic-content\">\r\n                  <span class=\"title-category\">Louez par jour ou par mois<\/span>\r\n          \r\n\r\n                  <h1 class=\"title\">Louez un terminal de paiement pour votre \u00e9v\u00e9nement<\/h1>\r\n                \r\n                  <div class=\"abstract\"><p><span class=\"jCAhz ChMk0b\"><span class=\"ryNqvb\">Vous organisez prochainement un bar pop-up, un food truck, une exposition ou un autre \u00e9v\u00e9nement \u00e9ph\u00e9m\u00e8re ?<\/span><\/span> <span class=\"jCAhz ChMk0b\"><span class=\"ryNqvb\">Chez Axepta BNP Paribas, nous comprenons qu&rsquo;il est essentiel d&rsquo;offrir des paiements par carte simples, rapides et s\u00e9curis\u00e9s.<\/span><\/span><\/p>\n<p><span class=\"jCAhz ChMk0b\"><span class=\"ryNqvb\">C&rsquo;est pourquoi nous offrons la possibilit\u00e9 de louer un terminal de paiement pour une courte dur\u00e9e, afin que vos clients puissent payer sans probl\u00e8me.<\/span><\/span><\/p>\n<p><a class=\"btn btn-primary\" href=\"https:\/\/www.axeptabnpparibas.be\/fr\/devenir-client\/#contact\" target=\"_blank\" rel=\"noopener\">Demander un devis<\/a><\/p>\n<\/div>\r\n        \r\n              <\/div>\r\n\r\n      <div class=\"block-header-classic-image\">\r\n                    <div class=\"image\">\r\n                <img loading=\"lazy\" decoding=\"async\" width=\"475\" height=\"316\" src=\"\/wp-content\/uploads\/2023\/03\/Short-term-Pop-up-page-475x316.png\" class=\"attachment-image-header-classic size-image-header-classic\" alt=\"\" srcset=\"\/wp-content\/uploads\/2023\/03\/Short-term-Pop-up-page-475x316.png 475w, \/wp-content\/uploads\/2023\/03\/Short-term-Pop-up-page-300x200.png 300w, \/wp-content\/uploads\/2023\/03\/Short-term-Pop-up-page-53x35.png 53w, \/wp-content\/uploads\/2023\/03\/Short-term-Pop-up-page.png 768w\" sizes=\"auto, (max-width: 475px) 100vw, 475px\" \/>            <\/div>\r\n              <\/div>\r\n      \r\n    <\/div>\r\n\r\n<\/div>\n\n\n<div id=\"title-category-image-block_6cca620fab0b4f989803968dc21d2e1b\" class=\"block-title-category-image    image-right mozaique-topright image--mobile-default\">\n\n    <div class=\"container\">\n\n                    <div class=\"image\">\n                <img loading=\"lazy\" decoding=\"async\" width=\"475\" height=\"475\" src=\"\/wp-content\/uploads\/2025\/04\/Short-term-DX8000-FR-475x475.png\" class=\"attachment-image-title-category size-image-title-category\" alt=\"\" srcset=\"\/wp-content\/uploads\/2025\/04\/Short-term-DX8000-FR-475x475.png 475w, \/wp-content\/uploads\/2025\/04\/Short-term-DX8000-FR-300x300.png 300w, \/wp-content\/uploads\/2025\/04\/Short-term-DX8000-FR-150x150.png 150w, \/wp-content\/uploads\/2025\/04\/Short-term-DX8000-FR-35x35.png 35w, \/wp-content\/uploads\/2025\/04\/Short-term-DX8000-FR.png 500w\" sizes=\"auto, (max-width: 475px) 100vw, 475px\" \/>            <\/div>\n        \n        <div class=\"infos\">        \n                            <span class=\"title-category\">Pourquoi Axepta BNP Paribas?<\/span>\n              \n\n                            <h2 class=\"title\">Notre solution<\/h2>\n                        \n                                <div class=\"abstract\"><div><span class=\"jCAhz ChMk0b\"><span class=\"ryNqvb\">Notre gamme de solutions de paiement comprend des terminaux de paiement l\u00e9gers \u00e9quip\u00e9s de la technologie 3G\/4G et d&rsquo;une batterie longue dur\u00e9e.<\/span><\/span> <span class=\"jCAhz ChMk0b\"><span class=\"ryNqvb\">Cela les rend extr\u00eamement mobiles et adapt\u00e9s \u00e0 votre \u00e9v\u00e9nement.<\/span><\/span><\/div>\n<div><\/div>\n<div><span class=\"jCAhz ChMk0b\"><span class=\"ryNqvb\">Que vous souhaitiez accepter Bancontact, Visa ou d&rsquo;autres moyens de paiement, nos terminaux vous proposent diff\u00e9rentes options de paiement pour votre \u00e9v\u00e9nement.<\/span><\/span><\/div>\n<p><a class=\"btn btn-primary\" href=\"\/wp-content\/uploads\/2025\/10\/Short-term-FR-DX8000-rental-New-pricing.pdf\" target=\"_blank\" rel=\"noopener\">En savoir plus<\/a><\/p>\n<\/div>\n            \n                    <\/div>\n\n    <\/div>\n\n<\/div>\n\n\r\n<div id=\"numbers-results-block_1a6a5ee07ad52ce4540745538d54162d\" class=\"block-numbers-results  \">\r\n  <div class=\"container\">\r\n    <div class=\"block-header\">\r\n              <span class=\"title-category\">Pourquoi Axepta BNP Paribas?<\/span>\r\n      \r\n              <h2 class=\"title\">Des paiements faciles.<\/h2>\r\n                  \r\n          <\/div>\r\n\r\n    \r\n    <div class=\"home-numbers-container\">\r\n        \r\n        \r\n        <div class=\"home-number\">\r\n                    <div class=\"home-number-flex\">\r\n            <div class=\"home-number-visual\">\r\n                          <img loading=\"lazy\" decoding=\"async\" width=\"135\" height=\"155\" src=\"\/wp-content\/uploads\/2020\/09\/New-Project-3.png\" class=\"attachment-full size-full\" alt=\"Betaaloplossing pop-up store\" srcset=\"\/wp-content\/uploads\/2020\/09\/New-Project-3.png 135w, \/wp-content\/uploads\/2020\/09\/New-Project-3-30x35.png 30w\" sizes=\"auto, (max-width: 135px) 100vw, 135px\" \/>                        <\/div>\r\n            <div class=\"home-number-content\">\r\n                                          <h3 class=\"title\">Louer un terminal par jour ou par mois<\/h3>\r\n                                          <div class=\"abstract\">Offrez \u00e0 vos clients la possibilit\u00e9 de payer avec leur carte dans toutes les situations et louez un terminal de paiement par jour ou par mois.<\/div>\r\n                          <\/div>\r\n          <\/div>\r\n        <\/div>\r\n\r\n        \r\n        \r\n        <div class=\"home-number\">\r\n                    <div class=\"home-number-flex\">\r\n            <div class=\"home-number-visual\">\r\n                          <img loading=\"lazy\" decoding=\"async\" width=\"135\" height=\"155\" src=\"\/wp-content\/uploads\/2020\/09\/New-Project-2.png\" class=\"attachment-full size-full\" alt=\"Snelle uitbetaling betaalterminal\" srcset=\"\/wp-content\/uploads\/2020\/09\/New-Project-2.png 135w, \/wp-content\/uploads\/2020\/09\/New-Project-2-30x35.png 30w\" sizes=\"auto, (max-width: 135px) 100vw, 135px\" \/>                        <\/div>\r\n            <div class=\"home-number-content\">\r\n                                          <h3 class=\"title\">Paiement rapide<\/h3>\r\n                                          <div class=\"abstract\">Les transactions sont transf\u00e9r\u00e9es sur votre compte bancaire le jour ouvrable suivant. <\/div>\r\n                          <\/div>\r\n          <\/div>\r\n        <\/div>\r\n\r\n        \r\n        \r\n        <div class=\"home-number\">\r\n                    <div class=\"home-number-flex\">\r\n            <div class=\"home-number-visual\">\r\n                          <img loading=\"lazy\" decoding=\"async\" width=\"135\" height=\"155\" src=\"\/wp-content\/uploads\/2020\/09\/New-Project-4.png\" class=\"attachment-full size-full\" alt=\"Helpdesk Axepta\" srcset=\"\/wp-content\/uploads\/2020\/09\/New-Project-4.png 135w, \/wp-content\/uploads\/2020\/09\/New-Project-4-30x35.png 30w\" sizes=\"auto, (max-width: 135px) 100vw, 135px\" \/>                        <\/div>\r\n            <div class=\"home-number-content\">\r\n                                          <h3 class=\"title\">Assistance 7\/7<\/h3>\r\n                                          <div class=\"abstract\">Vous pouvez toujours compter sur nous en cas de besoin. Nous sommes l\u00e0 pour vous 7\/7, par t\u00e9l\u00e9phone ou via un technicien sur place.<\/div>\r\n                          <\/div>\r\n          <\/div>\r\n        <\/div>\r\n\r\n            <\/div>\r\n    \r\n    \r\n  <\/div>\r\n<\/div>\n\n\r\n<div id=\"text-cta-block_728c31a354d6339958ec1f1fe106e257\" class=\"block-text-cta   \">\r\n\r\n    <div class=\"container\">\r\n\r\n        <div class=\"block-text-cta-content\">        \r\n            \r\n            \r\n                        \r\n        <\/div>\r\n\r\n    <\/div>\r\n\r\n<\/div>\n\n\n<div id=\"feature-list-block_46280d7be0a8f75d133afe600e729699\" class=\"block-feature-list  block-feature-list-new\">\n  \n  <div class=\"container\">\n\n    <div class=\"block-feature-list-container\">\n            <div class=\"block-feature-list-header\">\n                  <span class=\"title-category\">Louer un terminal de paiement \u00e0 court terme<\/span>\n        \n                  <h2 class=\"title\">Un terminal de paiement adapt\u00e9 \u00e0 votre \u00e9v\u00e9nement <\/h2>\n                    \n                  <div class=\"abstract\"><p>Axepta BNP Paribas travaille avec des partenaires soigneusement s\u00e9lectionn\u00e9s et vous propose des terminaux adapt\u00e9s \u00e0 vos besoins.<\/p>\n<\/div>\n              <\/div>\n      \n      \n\t\t\n\t<div class=\"block-feature-list-content count-2\">\n\t\t\t\n          \n          \n          <div class=\"feature feature--1\">\n\t\t\t                <div class=\"visual\">\n                                    <img loading=\"lazy\" decoding=\"async\" width=\"140\" height=\"140\" src=\"\/wp-content\/uploads\/2020\/09\/terminal2.png\" class=\"attachment-full size-full\" alt=\"Contactloze betalingen\" srcset=\"\/wp-content\/uploads\/2020\/09\/terminal2.png 140w, \/wp-content\/uploads\/2020\/09\/terminal2-35x35.png 35w\" sizes=\"auto, (max-width: 140px) 100vw, 140px\" \/>                              <\/div>\n              <div class=\"infos\">\n                                                  <h3 class=\"title\">Sans contact<\/h3>\n                                                  <div class=\"abstract\">Tous nos terminaux acceptent les paiements sans contact, les paiements par smartphones et les montres connect\u00e9es.<\/div>\n                              <\/div>\n\t\t\t\t\t           <\/div>\n\t\t\t\n\t\t\t\n          \n          \n          <div class=\"feature feature--2\">\n\t\t\t                <div class=\"visual\">\n                                    <img loading=\"lazy\" decoding=\"async\" width=\"182\" height=\"214\" src=\"\/wp-content\/uploads\/2020\/09\/36.png\" class=\"attachment-full size-full\" alt=\"Veilig kaartbetalingen ontvangen\" srcset=\"\/wp-content\/uploads\/2020\/09\/36.png 182w, \/wp-content\/uploads\/2020\/09\/36-30x35.png 30w\" sizes=\"auto, (max-width: 182px) 100vw, 182px\" \/>                              <\/div>\n              <div class=\"infos\">\n                                                  <h3 class=\"title\">S\u00e9curis\u00e9<\/h3>\n                                                  <div class=\"abstract\">Nos appareils r\u00e9pondent aux normes de s\u00e9curit\u00e9 les plus strictes.<\/div>\n                              <\/div>\n\t\t\t\t\t           <\/div>\n\t\t\t\n\t\t\t\n          \n        <\/div>\n\n          <\/div>\n\n  <\/div>\n\n<\/div>\n\n\n\t\n\t\t<div class=\"featured-post  \">\n\t\t\t<div class=\"container\">\n\t\t\t\t<article id=\"post-11889\" class=\"post-11889 post type-post status-publish format-standard has-post-thumbnail hentry category-temoignages\">\n\n\t\t\t\t\t<div class=\"row\">\n\n\t\t\t\t\t\t<div class=\"col-12 col-md-6 order-2 order-md-1\">\n\t\t\t\t\t\t\t<div class=\"post__meta\">\n\t\t\t\t\t\t\t\t<a href=\"https:\/\/www.axeptabnpparibas.be\/fr\/blog\/category\/temoignages\/\" rel=\"category tag\">T\u00e9moignages<\/a>\t\t\t\t\t\t\t<\/div><!-- .entry-meta -->\n\n\t\t\t\t\t\t\t<h3 class=\"post__title\">\n\t\t\t\t\t\t\t\t<a href=\"https:\/\/www.axeptabnpparibas.be\/fr\/blog\/2022\/09\/15\/fkp-scorpio-belgium\/\" title=\"Le travail d&rsquo;\u00e9quipe, moteur de r\u00e9ussite dans l\u2019histoire de FKP Scorpio Belgium\" rel=\"bookmark\">\n\t\t\t\t\t\t\t\t\tLe travail d&rsquo;\u00e9quipe, moteur de r\u00e9ussite dans l\u2019histoire de FKP Scorpio Belgium\t\t\t\t\t\t\t\t<\/a>\n\t\t\t\t\t\t\t<\/h3>\n\n\t\t\t\t\t\t\t<div class=\"post__excerpt\">\n\t\t\t\t\t\t\t\t<p>L\u2019\u00e9troite collaboration entre Axepta BNP Paribas Benelux et BNP Paribas Fortis a permis de r\u00e9aliser une belle prestation pour l\u2019organisateur belge de festivals et de concerts FKP Scorpio Belgium au cours du mois de juin. Malgr\u00e9 un d\u00e9lai tr\u00e8s serr\u00e9 et diverses contraintes d\u2019ordre technique, Axepta BNP Paribas est parvenu \u00e0 reprendre le traitement des [&hellip;]<\/p>\n\t\t\t\t\t\t\t<\/div>\n\n\t\t\t\t\t\t\t<a href=\"https:\/\/www.axeptabnpparibas.be\/fr\/blog\/2022\/09\/15\/fkp-scorpio-belgium\/\" title=\"Le travail d&rsquo;\u00e9quipe, moteur de r\u00e9ussite dans l\u2019histoire de FKP Scorpio Belgium\" class=\"more-link btn btn-sm btn-primary\">\n\t\t\t\t\t\t\t\tEn savoir plus\t\t\t\t\t\t\t\t<span class=\"screen-reader-text sr-only\">\u00ab\u00a0Le travail d&rsquo;\u00e9quipe, moteur de r\u00e9ussite dans l\u2019histoire de FKP Scorpio Belgium\u00a0\u00bb<\/span>\n\t\t\t\t\t\t\t<\/a>\n\t\t\t\t\t\t<\/div>\n\n\t\t\t\t\t\t<div class=\"col-12 col-md-6 order-1 order-md-2\">\n\t\t\t\t\t\t\t\t\t\t\t\t\t\t\t<a href=\"https:\/\/www.axeptabnpparibas.be\/fr\/blog\/2022\/09\/15\/fkp-scorpio-belgium\/\" class=\"post-thumbnail mb-md-0 mb-4\"\n\t\t\t\t\t\t\t\t   title=\"Le travail d&rsquo;\u00e9quipe, moteur de r\u00e9ussite dans l\u2019histoire de FKP Scorpio Belgium\" rel=\"bookmark\">\n\t\t\t\t\t\t\t\t\t<img loading=\"lazy\" decoding=\"async\" width=\"600\" height=\"420\" src=\"\/wp-content\/uploads\/2022\/09\/Ed-Sheeran-concert.jpg\" class=\"attachment-full size-full wp-post-image\" alt=\"\" srcset=\"\/wp-content\/uploads\/2022\/09\/Ed-Sheeran-concert.jpg 600w, \/wp-content\/uploads\/2022\/09\/Ed-Sheeran-concert-300x210.jpg 300w, \/wp-content\/uploads\/2022\/09\/Ed-Sheeran-concert-50x35.jpg 50w, \/wp-content\/uploads\/2022\/09\/Ed-Sheeran-concert-475x333.jpg 475w\" sizes=\"auto, (max-width: 600px) 100vw, 600px\" \/>\t\t\t\t\t\t\t\t<\/a>\n\t\t\t\t\t\t\t\t\t\t\t\t\t<\/div>\n\n\t\t\t\t\t<\/div>\n\n\t\t\t\t<\/article><!-- #post-## -->\n\n\t\t\t<\/div>\n\t\t<\/div>\n\n\t\n\n\n\r\n<div id=\"cta-contact-block_07b2104be8841e815322cfc2d10a048a\" class=\"block-cta-contact  \">\r\n  <div class=\"container\">\r\n    <div class=\"block-cta-contact-content\">\r\n      <div>\r\n              <span class=\"title-category\">Une urgence ? Contactez-nous via +32 (0)800 94 044 ou sales@axepta.be<\/span>\r\n                    <h2 class=\"title\">Des questions ? Nous sommes l\u00e0 pour vous aider !<\/h2>\r\n            <\/div>\r\n      <div>\r\n              <a href=\"https:\/\/www.axeptabnpparibas.be\/fr\/devenir-client\/\" class=\"btn btn-primary\" onclick=\"window.dataLayer = window.dataLayer || []; dataLayer.push({ 'event': 'contact-click' });\">\r\n          Plus d&rsquo;informations        <\/a>\r\n            <\/div>\r\n    <\/div>\r\n  <\/div>\r\n<\/div>","protected":false},"excerpt":{"rendered":"","protected":false},"author":17,"featured_media":0,"parent":2229,"menu_order":11,"comment_status":"closed","ping_status":"closed","template":"","meta":{"_acf_changed":false,"footnotes":""},"class_list":["post-2255","page","type-page","status-publish","hentry"],"acf":[],"yoast_head":"<!-- This site is optimized with the Yoast SEO plugin v27.3 - https:\/\/yoast.com\/product\/yoast-seo-wordpress\/ -->\n<title>Louer un terminal de paiement | Axepta BNP Paribas | Location par jour<\/title>\n<meta name=\"description\" content=\"Besoin de louer un terminal de paiement \u00e0 court terme ? D\u00e9couvrez vite nos terminaux l\u00e9gers \u00e9quip\u00e9s de 3G\/4G et d&#039;une batterie longue dur\u00e9e.\" \/>\n<meta name=\"robots\" content=\"index, follow, max-snippet:-1, max-image-preview:large, max-video-preview:-1\" \/>\n<link rel=\"canonical\" href=\"https:\/\/www.axeptabnpparibas.be\/fr\/solutions\/louer-terminal-de-paiement-courte-duree\/\" \/>\n<meta property=\"og:locale\" content=\"fr_FR\" \/>\n<meta property=\"og:type\" content=\"article\" \/>\n<meta property=\"og:title\" content=\"Louer un terminal de paiement | Axepta BNP Paribas | Location par jour\" \/>\n<meta property=\"og:description\" content=\"Besoin de louer un terminal de paiement \u00e0 court terme ? D\u00e9couvrez vite nos terminaux l\u00e9gers \u00e9quip\u00e9s de 3G\/4G et d&#039;une batterie longue dur\u00e9e.\" \/>\n<meta property=\"og:url\" content=\"https:\/\/www.axeptabnpparibas.be\/fr\/solutions\/louer-terminal-de-paiement-courte-duree\/\" \/>\n<meta property=\"og:site_name\" content=\"Axepta BNP Paribas\" \/>\n<meta property=\"article:modified_time\" content=\"2025-10-20T10:59:49+00:00\" \/>\n<meta name=\"twitter:card\" content=\"summary_large_image\" \/>\n<script type=\"application\/ld+json\" class=\"yoast-schema-graph\">{\"@context\":\"https:\\\/\\\/schema.org\",\"@graph\":[{\"@type\":\"WebPage\",\"@id\":\"https:\\\/\\\/www.axeptabnpparibas.be\\\/fr\\\/solutions\\\/louer-terminal-de-paiement-courte-duree\\\/\",\"url\":\"https:\\\/\\\/www.axeptabnpparibas.be\\\/fr\\\/solutions\\\/louer-terminal-de-paiement-courte-duree\\\/\",\"name\":\"Louer un terminal de paiement | Axepta BNP Paribas | Location par jour\",\"isPartOf\":{\"@id\":\"https:\\\/\\\/www.axeptabnpparibas.be\\\/#website\"},\"datePublished\":\"2020-09-30T04:41:59+00:00\",\"dateModified\":\"2025-10-20T10:59:49+00:00\",\"description\":\"Besoin de louer un terminal de paiement \u00e0 court terme ? D\u00e9couvrez vite nos terminaux l\u00e9gers \u00e9quip\u00e9s de 3G\\\/4G et d'une batterie longue dur\u00e9e.\",\"breadcrumb\":{\"@id\":\"https:\\\/\\\/www.axeptabnpparibas.be\\\/fr\\\/solutions\\\/louer-terminal-de-paiement-courte-duree\\\/#breadcrumb\"},\"inLanguage\":\"fr-FR\",\"potentialAction\":[{\"@type\":\"ReadAction\",\"target\":[\"https:\\\/\\\/www.axeptabnpparibas.be\\\/fr\\\/solutions\\\/louer-terminal-de-paiement-courte-duree\\\/\"]}]},{\"@type\":\"BreadcrumbList\",\"@id\":\"https:\\\/\\\/www.axeptabnpparibas.be\\\/fr\\\/solutions\\\/louer-terminal-de-paiement-courte-duree\\\/#breadcrumb\",\"itemListElement\":[{\"@type\":\"ListItem\",\"position\":1,\"name\":\"Home\",\"item\":\"https:\\\/\\\/www.axeptabnpparibas.be\\\/fr\\\/\"},{\"@type\":\"ListItem\",\"position\":2,\"name\":\"Solutions\",\"item\":\"https:\\\/\\\/www.axeptabnpparibas.be\\\/fr\\\/solutions\\\/\"},{\"@type\":\"ListItem\",\"position\":3,\"name\":\"Louez un terminal de paiement pour votre \u00e9v\u00e9nement\"}]},{\"@type\":\"WebSite\",\"@id\":\"https:\\\/\\\/www.axeptabnpparibas.be\\\/#website\",\"url\":\"https:\\\/\\\/www.axeptabnpparibas.be\\\/\",\"name\":\"Axepta BNP Paribas\",\"description\":\"\",\"publisher\":{\"@id\":\"https:\\\/\\\/www.axeptabnpparibas.be\\\/#organization\"},\"potentialAction\":[{\"@type\":\"SearchAction\",\"target\":{\"@type\":\"EntryPoint\",\"urlTemplate\":\"https:\\\/\\\/www.axeptabnpparibas.be\\\/?s={search_term_string}\"},\"query-input\":{\"@type\":\"PropertyValueSpecification\",\"valueRequired\":true,\"valueName\":\"search_term_string\"}}],\"inLanguage\":\"fr-FR\"},{\"@type\":\"Organization\",\"@id\":\"https:\\\/\\\/www.axeptabnpparibas.be\\\/#organization\",\"name\":\"Axepta BNP Paribas\",\"url\":\"https:\\\/\\\/www.axeptabnpparibas.be\\\/\",\"logo\":{\"@type\":\"ImageObject\",\"inLanguage\":\"fr-FR\",\"@id\":\"https:\\\/\\\/www.axeptabnpparibas.be\\\/#\\\/schema\\\/logo\\\/image\\\/\",\"url\":\"\\\/wp-content\\\/uploads\\\/2020\\\/03\\\/Logo-BNP.svg\",\"contentUrl\":\"\\\/wp-content\\\/uploads\\\/2020\\\/03\\\/Logo-BNP.svg\",\"caption\":\"Axepta BNP Paribas\"},\"image\":{\"@id\":\"https:\\\/\\\/www.axeptabnpparibas.be\\\/#\\\/schema\\\/logo\\\/image\\\/\"}}]}<\/script>\n<!-- \/ Yoast SEO plugin. -->","yoast_head_json":{"title":"Louer un terminal de paiement | Axepta BNP Paribas | Location par jour","description":"Besoin de louer un terminal de paiement \u00e0 court terme ? D\u00e9couvrez vite nos terminaux l\u00e9gers \u00e9quip\u00e9s de 3G\/4G et d'une batterie longue dur\u00e9e.","robots":{"index":"index","follow":"follow","max-snippet":"max-snippet:-1","max-image-preview":"max-image-preview:large","max-video-preview":"max-video-preview:-1"},"canonical":"https:\/\/www.axeptabnpparibas.be\/fr\/solutions\/louer-terminal-de-paiement-courte-duree\/","og_locale":"fr_FR","og_type":"article","og_title":"Louer un terminal de paiement | Axepta BNP Paribas | Location par jour","og_description":"Besoin de louer un terminal de paiement \u00e0 court terme ? D\u00e9couvrez vite nos terminaux l\u00e9gers \u00e9quip\u00e9s de 3G\/4G et d'une batterie longue dur\u00e9e.","og_url":"https:\/\/www.axeptabnpparibas.be\/fr\/solutions\/louer-terminal-de-paiement-courte-duree\/","og_site_name":"Axepta BNP Paribas","article_modified_time":"2025-10-20T10:59:49+00:00","twitter_card":"summary_large_image","schema":{"@context":"https:\/\/schema.org","@graph":[{"@type":"WebPage","@id":"https:\/\/www.axeptabnpparibas.be\/fr\/solutions\/louer-terminal-de-paiement-courte-duree\/","url":"https:\/\/www.axeptabnpparibas.be\/fr\/solutions\/louer-terminal-de-paiement-courte-duree\/","name":"Louer un terminal de paiement | Axepta BNP Paribas | Location par jour","isPartOf":{"@id":"https:\/\/www.axeptabnpparibas.be\/#website"},"datePublished":"2020-09-30T04:41:59+00:00","dateModified":"2025-10-20T10:59:49+00:00","description":"Besoin de louer un terminal de paiement \u00e0 court terme ? D\u00e9couvrez vite nos terminaux l\u00e9gers \u00e9quip\u00e9s de 3G\/4G et d'une batterie longue dur\u00e9e.","breadcrumb":{"@id":"https:\/\/www.axeptabnpparibas.be\/fr\/solutions\/louer-terminal-de-paiement-courte-duree\/#breadcrumb"},"inLanguage":"fr-FR","potentialAction":[{"@type":"ReadAction","target":["https:\/\/www.axeptabnpparibas.be\/fr\/solutions\/louer-terminal-de-paiement-courte-duree\/"]}]},{"@type":"BreadcrumbList","@id":"https:\/\/www.axeptabnpparibas.be\/fr\/solutions\/louer-terminal-de-paiement-courte-duree\/#breadcrumb","itemListElement":[{"@type":"ListItem","position":1,"name":"Home","item":"https:\/\/www.axeptabnpparibas.be\/fr\/"},{"@type":"ListItem","position":2,"name":"Solutions","item":"https:\/\/www.axeptabnpparibas.be\/fr\/solutions\/"},{"@type":"ListItem","position":3,"name":"Louez un terminal de paiement pour votre \u00e9v\u00e9nement"}]},{"@type":"WebSite","@id":"https:\/\/www.axeptabnpparibas.be\/#website","url":"https:\/\/www.axeptabnpparibas.be\/","name":"Axepta BNP Paribas","description":"","publisher":{"@id":"https:\/\/www.axeptabnpparibas.be\/#organization"},"potentialAction":[{"@type":"SearchAction","target":{"@type":"EntryPoint","urlTemplate":"https:\/\/www.axeptabnpparibas.be\/?s={search_term_string}"},"query-input":{"@type":"PropertyValueSpecification","valueRequired":true,"valueName":"search_term_string"}}],"inLanguage":"fr-FR"},{"@type":"Organization","@id":"https:\/\/www.axeptabnpparibas.be\/#organization","name":"Axepta BNP Paribas","url":"https:\/\/www.axeptabnpparibas.be\/","logo":{"@type":"ImageObject","inLanguage":"fr-FR","@id":"https:\/\/www.axeptabnpparibas.be\/#\/schema\/logo\/image\/","url":"\/wp-content\/uploads\/2020\/03\/Logo-BNP.svg","contentUrl":"\/wp-content\/uploads\/2020\/03\/Logo-BNP.svg","caption":"Axepta BNP Paribas"},"image":{"@id":"https:\/\/www.axeptabnpparibas.be\/#\/schema\/logo\/image\/"}}]}},"_links":{"self":[{"href":"https:\/\/www.axeptabnpparibas.be\/fr\/wp-json\/wp\/v2\/pages\/2255","targetHints":{"allow":["GET"]}}],"collection":[{"href":"https:\/\/www.axeptabnpparibas.be\/fr\/wp-json\/wp\/v2\/pages"}],"about":[{"href":"https:\/\/www.axeptabnpparibas.be\/fr\/wp-json\/wp\/v2\/types\/page"}],"author":[{"embeddable":true,"href":"https:\/\/www.axeptabnpparibas.be\/fr\/wp-json\/wp\/v2\/users\/17"}],"replies":[{"embeddable":true,"href":"https:\/\/www.axeptabnpparibas.be\/fr\/wp-json\/wp\/v2\/comments?post=2255"}],"version-history":[{"count":13,"href":"https:\/\/www.axeptabnpparibas.be\/fr\/wp-json\/wp\/v2\/pages\/2255\/revisions"}],"predecessor-version":[{"id":24025,"href":"https:\/\/www.axeptabnpparibas.be\/fr\/wp-json\/wp\/v2\/pages\/2255\/revisions\/24025"}],"up":[{"embeddable":true,"href":"https:\/\/www.axeptabnpparibas.be\/fr\/wp-json\/wp\/v2\/pages\/2229"}],"wp:attachment":[{"href":"https:\/\/www.axeptabnpparibas.be\/fr\/wp-json\/wp\/v2\/media?parent=2255"}],"curies":[{"name":"wp","href":"https:\/\/api.w.org\/{rel}","templated":true}]}}