{"id":16465,"date":"2023-07-24T11:34:32","date_gmt":"2023-07-24T09:34:32","guid":{"rendered":"https:\/\/www.axepta.be\/?page_id=16465"},"modified":"2023-08-14T14:04:50","modified_gmt":"2023-08-14T12:04:50","slug":"louer-un-terminal-de-paiement","status":"publish","type":"page","link":"https:\/\/www.axeptabnpparibas.be\/fr\/louer-un-terminal-de-paiement\/","title":{"rendered":"Louer un terminal de paiement"},"content":{"rendered":"\r\n<div id=\"header-classic-block_ff7aab303b57ce8bdcb9e7b3e3441d65\" class=\"block-header-classic   image--mobile-default\">\r\n\r\n    <div class=\"container\">    \r\n\r\n      <div class=\"block-header-classic-content\">\r\n                  <span class=\"title-category\">La solution pour louer des terminaux de paiement \u00e0 long terme<\/span>\r\n          \r\n\r\n                  <h1 class=\"title\">Louer un terminal de paiement<\/h1>\r\n                \r\n                  <div class=\"abstract\"><p>Chez Axepta BNP Paribas, nous sommes toujours pr\u00eats \u00e0 vous fournir les terminaux de paiement les plus avanc\u00e9s disponibles.<\/p>\n<\/div>\r\n        \r\n              <\/div>\r\n\r\n      <div class=\"block-header-classic-image\">\r\n                    <div class=\"image\">\r\n                <img loading=\"lazy\" decoding=\"async\" width=\"475\" height=\"316\" src=\"\/wp-content\/uploads\/2023\/03\/Blogpost-Facilitate-Your-Taxes-475x316.png\" class=\"attachment-image-header-classic size-image-header-classic\" alt=\"\" \/>            <\/div>\r\n              <\/div>\r\n      \r\n    <\/div>\r\n\r\n<\/div>\n\n\n<div id=\"feature-list-block_6c3dc4a7210ad0fc12711e10847462cb\" class=\"block-feature-list  block-feature-list-new\">\n  \n  <div class=\"container\">\n\n    <div class=\"block-feature-list-container\">\n            <div class=\"block-feature-list-header\">\n                  <span class=\"title-category\">D&rsquo;innombrables avantages pour votre entreprise<\/span>\n        \n                  <h2 class=\"title\">Pourquoi louer un terminal de paiement ?<\/h2>\n                    \n              <\/div>\n      \n      \n\t\t\n\t<div class=\"block-feature-list-content count-2\">\n\t\t\t\n          \n          \n          <div class=\"feature feature--1\">\n\t\t\t                <div class=\"visual\">\n                                    <img loading=\"lazy\" decoding=\"async\" width=\"217\" height=\"223\" src=\"\/wp-content\/uploads\/2022\/06\/32.png\" class=\"attachment-full size-full\" alt=\"\" srcset=\"\/wp-content\/uploads\/2022\/06\/32.png 217w, \/wp-content\/uploads\/2022\/06\/32-34x35.png 34w\" sizes=\"auto, (max-width: 217px) 100vw, 217px\" \/>                              <\/div>\n              <div class=\"infos\">\n                                                  <h3 class=\"title\">Rentable<\/h3>\n                                                  <div class=\"abstract\">Au lieu de faire de gros investissements dans l&rsquo;achat d&rsquo;\u00e9quipements co\u00fbteux, vous pouvez simplement louer chez nous un terminal de paiement \u00e0 des tarifs attractifs.<\/div>\n                              <\/div>\n\t\t\t\t\t           <\/div>\n\t\t\t\n\t\t\t\n          \n          \n          <div class=\"feature feature--2\">\n\t\t\t                <div class=\"visual\">\n                                    <img loading=\"lazy\" decoding=\"async\" width=\"150\" height=\"150\" src=\"\/wp-content\/uploads\/2022\/11\/icon-2.png\" class=\"attachment-full size-full\" alt=\"\" srcset=\"\/wp-content\/uploads\/2022\/11\/icon-2.png 150w, \/wp-content\/uploads\/2022\/11\/icon-2-35x35.png 35w\" sizes=\"auto, (max-width: 150px) 100vw, 150px\" \/>                              <\/div>\n              <div class=\"infos\">\n                                                  <h3 class=\"title\">Flexible<\/h3>\n                                                  <div class=\"abstract\">Les besoins de votre entreprise peuvent \u00e9voluer au fil du temps et nos solutions sont adapt\u00e9es \u00e0 ces besoins. Vous pouvez facilement passer aux derni\u00e8res technologies et fonctionnalit\u00e9s sans vous soucier des \u00e9quipements obsol\u00e8tes.<\/div>\n                              <\/div>\n\t\t\t\t\t           <\/div>\n\t\t\t\n\t\t\t\n          \n        <\/div>\n\n          <\/div>\n\n  <\/div>\n\n<\/div>\n\n\n<div id=\"title-category-image-block_7b3cf64928953ffbbf5b3b5bb0321309\" class=\"block-title-category-image     mozaique-topright image--mobile-default\">\n\n    <div class=\"container\">\n\n                    <div class=\"image\">\n                <img loading=\"lazy\" decoding=\"async\" width=\"475\" height=\"286\" src=\"\/wp-content\/uploads\/2022\/10\/chargeback-475x286.png\" class=\"attachment-image-title-category size-image-title-category\" alt=\"\" srcset=\"\/wp-content\/uploads\/2022\/10\/chargeback-475x286.png 475w, \/wp-content\/uploads\/2022\/10\/chargeback-300x181.png 300w, \/wp-content\/uploads\/2022\/10\/chargeback-1024x618.png 1024w, \/wp-content\/uploads\/2022\/10\/chargeback-768x463.png 768w, \/wp-content\/uploads\/2022\/10\/chargeback-1536x926.png 1536w, \/wp-content\/uploads\/2022\/10\/chargeback-2048x1235.png 2048w, \/wp-content\/uploads\/2022\/10\/chargeback-58x35.png 58w\" sizes=\"auto, (max-width: 475px) 100vw, 475px\" \/>            <\/div>\n        \n        <div class=\"infos\">        \n              \n\n                            <h2 class=\"title\">Acceptez les paiements par carte facilement et \u00e0 moindre co\u00fbt<\/h2>\n                        \n                                <div class=\"abstract\"><p>Nos terminaux de paiement prennent en charge une large gamme de m\u00e9thodes de paiement, vous permettant d&rsquo;offrir \u00e0 vos clients la possibilit\u00e9 de payer de leur mani\u00e8re pr\u00e9f\u00e9r\u00e9e, comme Visa, Mastercard, Bancontact, Apple Pay et Google Pay.<\/p>\n<\/div>\n            \n                    <\/div>\n\n    <\/div>\n\n<\/div>\n\n\n<div style=\"height:50px\" aria-hidden=\"true\" class=\"wp-block-spacer\"><\/div>\n\n\n<div class=\"wp-block-image\">\n<figure class=\"aligncenter size-full\"><img loading=\"lazy\" decoding=\"async\" width=\"600\" height=\"65\" src=\"https:\/\/www.axeptabnpparibas.be\/wp-content\/uploads\/2023\/05\/Untitled-design-2.png\" alt=\"\" class=\"wp-image-14937\" srcset=\"\/wp-content\/uploads\/2023\/05\/Untitled-design-2.png 600w, \/wp-content\/uploads\/2023\/05\/Untitled-design-2-300x33.png 300w, \/wp-content\/uploads\/2023\/05\/Untitled-design-2-590x65.png 590w, \/wp-content\/uploads\/2023\/05\/Untitled-design-2-120x13.png 120w, \/wp-content\/uploads\/2023\/05\/Untitled-design-2-475x51.png 475w\" sizes=\"auto, (max-width: 600px) 100vw, 600px\" \/><\/figure><\/div>\n\n\n<div style=\"height:38px\" aria-hidden=\"true\" class=\"wp-block-spacer\"><\/div>\n\n\n\r\n<div id=\"numbers-results-block_820c8a79f94b4293b00bc9d7f3e4f573\" class=\"block-numbers-results  \">\r\n  <div class=\"container\">\r\n    <div class=\"block-header\">\r\n      \r\n              <h2 class=\"title\">B\u00e9n\u00e9ficiez de notre expertise et de notre accompagnement<\/h2>\r\n                  \r\n          <\/div>\r\n\r\n    \r\n    <div class=\"home-numbers-container\">\r\n        \r\n        \r\n        <div class=\"home-number\">\r\n                    <div class=\"home-number-flex\">\r\n            <div class=\"home-number-visual\">\r\n                          <img loading=\"lazy\" decoding=\"async\" width=\"800\" height=\"800\" src=\"\/wp-content\/uploads\/2022\/08\/image_7.png\" class=\"attachment-full size-full\" alt=\"\" srcset=\"\/wp-content\/uploads\/2022\/08\/image_7.png 800w, \/wp-content\/uploads\/2022\/08\/image_7-300x300.png 300w, \/wp-content\/uploads\/2022\/08\/image_7-150x150.png 150w, \/wp-content\/uploads\/2022\/08\/image_7-768x768.png 768w, \/wp-content\/uploads\/2022\/08\/image_7-35x35.png 35w, \/wp-content\/uploads\/2022\/08\/image_7-475x475.png 475w\" sizes=\"auto, (max-width: 800px) 100vw, 800px\" \/>                        <\/div>\r\n            <div class=\"home-number-content\">\r\n                                                        <div class=\"abstract\">Notre \u00e9quipe est pr\u00eate \u00e0 vous guider dans l&rsquo;installation, l&rsquo;utilisation et la maintenance de votre terminal.<\/div>\r\n                          <\/div>\r\n          <\/div>\r\n        <\/div>\r\n\r\n        \r\n        \r\n        <div class=\"home-number\">\r\n                    <div class=\"home-number-flex\">\r\n            <div class=\"home-number-visual\">\r\n                          <img loading=\"lazy\" decoding=\"async\" width=\"150\" height=\"150\" src=\"\/wp-content\/uploads\/2022\/11\/icon-1.png\" class=\"attachment-full size-full\" alt=\"\" srcset=\"\/wp-content\/uploads\/2022\/11\/icon-1.png 150w, \/wp-content\/uploads\/2022\/11\/icon-1-35x35.png 35w\" sizes=\"auto, (max-width: 150px) 100vw, 150px\" \/>                        <\/div>\r\n            <div class=\"home-number-content\">\r\n                                                        <div class=\"abstract\">Nous veillons \u00e0 ce que vous puissiez profiter pleinement des fonctionnalit\u00e9s de l&rsquo;appareil.<\/div>\r\n                          <\/div>\r\n          <\/div>\r\n        <\/div>\r\n\r\n        \r\n        \r\n        <div class=\"home-number\">\r\n                    <div class=\"home-number-flex\">\r\n            <div class=\"home-number-visual\">\r\n                          <img loading=\"lazy\" decoding=\"async\" width=\"150\" height=\"150\" src=\"\/wp-content\/uploads\/2022\/11\/icon-2.png\" class=\"attachment-full size-full\" alt=\"\" srcset=\"\/wp-content\/uploads\/2022\/11\/icon-2.png 150w, \/wp-content\/uploads\/2022\/11\/icon-2-35x35.png 35w\" sizes=\"auto, (max-width: 150px) 100vw, 150px\" \/>                        <\/div>\r\n            <div class=\"home-number-content\">\r\n                                                        <div class=\"abstract\">Nous fournissons des mises \u00e0 jour r\u00e9guli\u00e8res pour vous assurer que vous \u00eates toujours \u00e0 jour avec les derni\u00e8res technologies.<\/div>\r\n                          <\/div>\r\n          <\/div>\r\n        <\/div>\r\n\r\n            <\/div>\r\n    \r\n    \r\n  <\/div>\r\n<\/div>\n\n\n<div style=\"height:50px\" aria-hidden=\"true\" class=\"wp-block-spacer\"><\/div>\n\n\n\n<div class=\"wp-block-buttons alignwide is-content-justification-center is-layout-flex wp-container-core-buttons-is-layout-16018d1d wp-block-buttons-is-layout-flex\">\n<div class=\"wp-block-button\"><a class=\"wp-block-button__link wp-element-button\" href=\"https:\/\/www.axeptabnpparibas.be\/fr\/devenir-client\/\"><em><mark style=\"background-color:rgba(0, 0, 0, 0)\" class=\"has-inline-color has-white-bnp-color\">Choisissez votre terminal de paiement<\/mark><\/em><\/a><\/div>\n<\/div>\n\n\n\n<div style=\"height:52px\" aria-hidden=\"true\" class=\"wp-block-spacer\"><\/div>\n\n\n\n<div id=\"title-category-image-block_8d2d50a7874248b1d96e062dedcaee4c\" class=\"block-title-category-image     mozaique-hidden image--mobile-default\">\n\n    <div class=\"container\">\n\n                    <div class=\"image\">\n                <img loading=\"lazy\" decoding=\"async\" width=\"475\" height=\"318\" src=\"\/wp-content\/uploads\/2022\/08\/Terminal-blog-475x318.png\" class=\"attachment-image-title-category size-image-title-category\" alt=\"\" srcset=\"\/wp-content\/uploads\/2022\/08\/Terminal-blog-475x318.png 475w, \/wp-content\/uploads\/2022\/08\/Terminal-blog-300x201.png 300w, \/wp-content\/uploads\/2022\/08\/Terminal-blog-768x514.png 768w, \/wp-content\/uploads\/2022\/08\/Terminal-blog-52x35.png 52w, \/wp-content\/uploads\/2022\/08\/Terminal-blog.png 830w\" sizes=\"auto, (max-width: 475px) 100vw, 475px\" \/>            <\/div>\n        \n        <div class=\"infos\">        \n              \n\n                            <h2 class=\"title\">La ma\u00eetrise des co\u00fbts comme priorit\u00e9 pour votre entreprise.<\/h2>\n                        \n                                <div class=\"abstract\"><ul style=\"font-weight: 400;\">\n<li data-leveltext=\"-\" data-font=\"Calibri\" data-listid=\"1\" data-list-defn-props=\"{&quot;335551671&quot;:0,&quot;335552541&quot;:1,&quot;335559684&quot;:-2,&quot;335559685&quot;:720,&quot;335559991&quot;:360,&quot;469769226&quot;:&quot;Calibri&quot;,&quot;469769242&quot;:[8226],&quot;469777803&quot;:&quot;left&quot;,&quot;469777804&quot;:&quot;-&quot;,&quot;469777815&quot;:&quot;hybridMultilevel&quot;}\" aria-setsize=\"-1\" data-aria-posinset=\"0\" data-aria-level=\"1\">C&rsquo;est pourquoi nous proposons des tarifs attractifs et des forfaits flexibles qui r\u00e9pondent \u00e0 vos besoins. Vous n&rsquo;avez pas \u00e0 vous soucier des co\u00fbts cach\u00e9s ou des surprises par la suite.<\/li>\n<li data-leveltext=\"-\" data-font=\"Calibri\" data-listid=\"1\" data-list-defn-props=\"{&quot;335551671&quot;:0,&quot;335552541&quot;:1,&quot;335559684&quot;:-2,&quot;335559685&quot;:720,&quot;335559991&quot;:360,&quot;469769226&quot;:&quot;Calibri&quot;,&quot;469769242&quot;:[8226],&quot;469777803&quot;:&quot;left&quot;,&quot;469777804&quot;:&quot;-&quot;,&quot;469777815&quot;:&quot;hybridMultilevel&quot;}\" aria-setsize=\"-1\" data-aria-posinset=\"0\" data-aria-level=\"1\">Chez Axepta BNP Paribas, nous assurons la transparence, afin que vous sachiez toujours exactement o\u00f9 vous en \u00eates.<\/li>\n<\/ul>\n<\/div>\n            \n                    <\/div>\n\n    <\/div>\n\n<\/div>\n\n\n<div id=\"title-category-image-block_3be52ac0ce8d7aed3587afd7698b596f\" class=\"block-title-category-image    image-right mozaique-hidden image--mobile-default\">\n\n    <div class=\"container\">\n\n                    <div class=\"image\">\n                <img loading=\"lazy\" decoding=\"async\" width=\"475\" height=\"475\" src=\"\/wp-content\/uploads\/2023\/06\/6-475x475.png\" class=\"attachment-image-title-category size-image-title-category\" alt=\"\" srcset=\"\/wp-content\/uploads\/2023\/06\/6-475x475.png 475w, \/wp-content\/uploads\/2023\/06\/6-300x300.png 300w, \/wp-content\/uploads\/2023\/06\/6-150x150.png 150w, \/wp-content\/uploads\/2023\/06\/6-35x35.png 35w, \/wp-content\/uploads\/2023\/06\/6.png 500w\" sizes=\"auto, (max-width: 475px) 100vw, 475px\" \/>            <\/div>\n        \n        <div class=\"infos\">        \n              \n\n                            <h2 class=\"title\">Profitez de terminaux de paiement optimis\u00e9s<\/h2>\n                        \n                                <div class=\"abstract\"><p>Avec Axepta BNP Paribas comme partenaire de location de terminaux de paiement \u00e0 long terme, vous \u00eates assur\u00e9 d&rsquo;une exp\u00e9rience de paiement transparente pour vos clients. Nos terminaux de paiement optimis\u00e9s sont conviviaux, fiables et rapides, vous ne manquerez donc jamais une vente.<\/p>\n<p>Contactez-nous d\u00e8s aujourd&rsquo;hui et d\u00e9couvrez comment nous pouvons aider votre entreprise.<\/p>\n<p>&nbsp;<\/p>\n<\/div>\n            \n                    <\/div>\n\n    <\/div>\n\n<\/div>\n\n\n<div style=\"height:43px\" aria-hidden=\"true\" class=\"wp-block-spacer\"><\/div>\n\n\n\n<div class=\"wp-block-buttons is-content-justification-center is-layout-flex wp-container-core-buttons-is-layout-16018d1d wp-block-buttons-is-layout-flex\">\n<div class=\"wp-block-button\"><a class=\"wp-block-button__link wp-element-button\" href=\"https:\/\/www.axeptabnpparibas.be\/fr\/devenir-client\/\"><em><mark style=\"background-color:rgba(0, 0, 0, 0)\" class=\"has-inline-color has-white-bnp-color\">Choisissez votre terminal de paiement<\/mark><\/em><\/a><\/div>\n<\/div>\n\n\n\n<div style=\"height:43px\" aria-hidden=\"true\" class=\"wp-block-spacer\"><\/div>\n\n\n\r\n<div id=\"cta-contact-block_098cc335349e47cff20c4821de34250d\" class=\"block-cta-contact  \">\r\n  <div class=\"container\">\r\n    <div class=\"block-cta-contact-content\">\r\n      <div>\r\n                    <h2 class=\"title\">Nous rendons l&rsquo;acceptation des paiements simple, abordable et efficace.<\/h2>\r\n            <\/div>\r\n      <div>\r\n            <\/div>\r\n    <\/div>\r\n  <\/div>\r\n<\/div>","protected":false},"excerpt":{"rendered":"","protected":false},"author":17,"featured_media":13818,"parent":0,"menu_order":0,"comment_status":"closed","ping_status":"closed","template":"","meta":{"_acf_changed":false,"footnotes":""},"class_list":["post-16465","page","type-page","status-publish","has-post-thumbnail","hentry"],"acf":[],"yoast_head":"<!-- This site is optimized with the Yoast SEO plugin v27.3 - https:\/\/yoast.com\/product\/yoast-seo-wordpress\/ -->\n<title>Louer un terminal de paiement - Axepta BNP Paribas<\/title>\n<meta name=\"description\" content=\"Nos terminaux de paiement prennent en charge diff\u00e9rents m\u00e9thodes de paiement, tels que Visa, Mastercard, Bancontact, Apple Pay et Google Pay.\" \/>\n<meta name=\"robots\" content=\"index, follow, max-snippet:-1, max-image-preview:large, max-video-preview:-1\" \/>\n<link rel=\"canonical\" href=\"https:\/\/www.axeptabnpparibas.be\/fr\/louer-un-terminal-de-paiement\/\" \/>\n<meta property=\"og:locale\" content=\"fr_FR\" \/>\n<meta property=\"og:type\" content=\"article\" \/>\n<meta property=\"og:title\" content=\"Louer un terminal de paiement - Axepta BNP Paribas\" \/>\n<meta property=\"og:description\" content=\"Nos terminaux de paiement prennent en charge diff\u00e9rents m\u00e9thodes de paiement, tels que Visa, Mastercard, Bancontact, Apple Pay et Google Pay.\" \/>\n<meta property=\"og:url\" content=\"https:\/\/www.axeptabnpparibas.be\/fr\/louer-un-terminal-de-paiement\/\" \/>\n<meta property=\"og:site_name\" content=\"Axepta BNP Paribas\" \/>\n<meta property=\"article:modified_time\" content=\"2023-08-14T12:04:50+00:00\" \/>\n<meta property=\"og:image\" content=\"https:\/\/www.axeptabnpparibas.be\/wp-content\/uploads\/2022\/12\/GettyImages-652722160.jpg\" \/>\n\t<meta property=\"og:image:width\" content=\"1900\" \/>\n\t<meta property=\"og:image:height\" content=\"1267\" \/>\n\t<meta property=\"og:image:type\" content=\"image\/jpeg\" \/>\n<meta name=\"twitter:card\" content=\"summary_large_image\" \/>\n<meta name=\"twitter:label1\" content=\"Dur\u00e9e de lecture estim\u00e9e\" \/>\n\t<meta name=\"twitter:data1\" content=\"1 minute\" \/>\n<script type=\"application\/ld+json\" class=\"yoast-schema-graph\">{\"@context\":\"https:\\\/\\\/schema.org\",\"@graph\":[{\"@type\":\"WebPage\",\"@id\":\"https:\\\/\\\/www.axeptabnpparibas.be\\\/fr\\\/louer-un-terminal-de-paiement\\\/\",\"url\":\"https:\\\/\\\/www.axeptabnpparibas.be\\\/fr\\\/louer-un-terminal-de-paiement\\\/\",\"name\":\"Louer un terminal de paiement - Axepta BNP Paribas\",\"isPartOf\":{\"@id\":\"https:\\\/\\\/www.axeptabnpparibas.be\\\/#website\"},\"primaryImageOfPage\":{\"@id\":\"https:\\\/\\\/www.axeptabnpparibas.be\\\/fr\\\/louer-un-terminal-de-paiement\\\/#primaryimage\"},\"image\":{\"@id\":\"https:\\\/\\\/www.axeptabnpparibas.be\\\/fr\\\/louer-un-terminal-de-paiement\\\/#primaryimage\"},\"thumbnailUrl\":\"\\\/wp-content\\\/uploads\\\/2022\\\/12\\\/GettyImages-652722160.jpg\",\"datePublished\":\"2023-07-24T09:34:32+00:00\",\"dateModified\":\"2023-08-14T12:04:50+00:00\",\"description\":\"Nos terminaux de paiement prennent en charge diff\u00e9rents m\u00e9thodes de paiement, tels que Visa, Mastercard, Bancontact, Apple Pay et Google Pay.\",\"breadcrumb\":{\"@id\":\"https:\\\/\\\/www.axeptabnpparibas.be\\\/fr\\\/louer-un-terminal-de-paiement\\\/#breadcrumb\"},\"inLanguage\":\"fr-FR\",\"potentialAction\":[{\"@type\":\"ReadAction\",\"target\":[\"https:\\\/\\\/www.axeptabnpparibas.be\\\/fr\\\/louer-un-terminal-de-paiement\\\/\"]}]},{\"@type\":\"ImageObject\",\"inLanguage\":\"fr-FR\",\"@id\":\"https:\\\/\\\/www.axeptabnpparibas.be\\\/fr\\\/louer-un-terminal-de-paiement\\\/#primaryimage\",\"url\":\"\\\/wp-content\\\/uploads\\\/2022\\\/12\\\/GettyImages-652722160.jpg\",\"contentUrl\":\"\\\/wp-content\\\/uploads\\\/2022\\\/12\\\/GettyImages-652722160.jpg\",\"width\":1900,\"height\":1267},{\"@type\":\"BreadcrumbList\",\"@id\":\"https:\\\/\\\/www.axeptabnpparibas.be\\\/fr\\\/louer-un-terminal-de-paiement\\\/#breadcrumb\",\"itemListElement\":[{\"@type\":\"ListItem\",\"position\":1,\"name\":\"Home\",\"item\":\"https:\\\/\\\/www.axeptabnpparibas.be\\\/fr\\\/\"},{\"@type\":\"ListItem\",\"position\":2,\"name\":\"Louer un terminal de paiement\"}]},{\"@type\":\"WebSite\",\"@id\":\"https:\\\/\\\/www.axeptabnpparibas.be\\\/#website\",\"url\":\"https:\\\/\\\/www.axeptabnpparibas.be\\\/\",\"name\":\"Axepta BNP Paribas\",\"description\":\"\",\"publisher\":{\"@id\":\"https:\\\/\\\/www.axeptabnpparibas.be\\\/#organization\"},\"potentialAction\":[{\"@type\":\"SearchAction\",\"target\":{\"@type\":\"EntryPoint\",\"urlTemplate\":\"https:\\\/\\\/www.axeptabnpparibas.be\\\/?s={search_term_string}\"},\"query-input\":{\"@type\":\"PropertyValueSpecification\",\"valueRequired\":true,\"valueName\":\"search_term_string\"}}],\"inLanguage\":\"fr-FR\"},{\"@type\":\"Organization\",\"@id\":\"https:\\\/\\\/www.axeptabnpparibas.be\\\/#organization\",\"name\":\"Axepta BNP Paribas\",\"url\":\"https:\\\/\\\/www.axeptabnpparibas.be\\\/\",\"logo\":{\"@type\":\"ImageObject\",\"inLanguage\":\"fr-FR\",\"@id\":\"https:\\\/\\\/www.axeptabnpparibas.be\\\/#\\\/schema\\\/logo\\\/image\\\/\",\"url\":\"\\\/wp-content\\\/uploads\\\/2020\\\/03\\\/Logo-BNP.svg\",\"contentUrl\":\"\\\/wp-content\\\/uploads\\\/2020\\\/03\\\/Logo-BNP.svg\",\"caption\":\"Axepta BNP Paribas\"},\"image\":{\"@id\":\"https:\\\/\\\/www.axeptabnpparibas.be\\\/#\\\/schema\\\/logo\\\/image\\\/\"}}]}<\/script>\n<!-- \/ Yoast SEO plugin. -->","yoast_head_json":{"title":"Louer un terminal de paiement - Axepta BNP Paribas","description":"Nos terminaux de paiement prennent en charge diff\u00e9rents m\u00e9thodes de paiement, tels que Visa, Mastercard, Bancontact, Apple Pay et Google Pay.","robots":{"index":"index","follow":"follow","max-snippet":"max-snippet:-1","max-image-preview":"max-image-preview:large","max-video-preview":"max-video-preview:-1"},"canonical":"https:\/\/www.axeptabnpparibas.be\/fr\/louer-un-terminal-de-paiement\/","og_locale":"fr_FR","og_type":"article","og_title":"Louer un terminal de paiement - Axepta BNP Paribas","og_description":"Nos terminaux de paiement prennent en charge diff\u00e9rents m\u00e9thodes de paiement, tels que Visa, Mastercard, Bancontact, Apple Pay et Google Pay.","og_url":"https:\/\/www.axeptabnpparibas.be\/fr\/louer-un-terminal-de-paiement\/","og_site_name":"Axepta BNP Paribas","article_modified_time":"2023-08-14T12:04:50+00:00","og_image":[{"width":1900,"height":1267,"url":"https:\/\/www.axeptabnpparibas.be\/wp-content\/uploads\/2022\/12\/GettyImages-652722160.jpg","type":"image\/jpeg"}],"twitter_card":"summary_large_image","twitter_misc":{"Dur\u00e9e de lecture estim\u00e9e":"1 minute"},"schema":{"@context":"https:\/\/schema.org","@graph":[{"@type":"WebPage","@id":"https:\/\/www.axeptabnpparibas.be\/fr\/louer-un-terminal-de-paiement\/","url":"https:\/\/www.axeptabnpparibas.be\/fr\/louer-un-terminal-de-paiement\/","name":"Louer un terminal de paiement - Axepta BNP Paribas","isPartOf":{"@id":"https:\/\/www.axeptabnpparibas.be\/#website"},"primaryImageOfPage":{"@id":"https:\/\/www.axeptabnpparibas.be\/fr\/louer-un-terminal-de-paiement\/#primaryimage"},"image":{"@id":"https:\/\/www.axeptabnpparibas.be\/fr\/louer-un-terminal-de-paiement\/#primaryimage"},"thumbnailUrl":"\/wp-content\/uploads\/2022\/12\/GettyImages-652722160.jpg","datePublished":"2023-07-24T09:34:32+00:00","dateModified":"2023-08-14T12:04:50+00:00","description":"Nos terminaux de paiement prennent en charge diff\u00e9rents m\u00e9thodes de paiement, tels que Visa, Mastercard, Bancontact, Apple Pay et Google Pay.","breadcrumb":{"@id":"https:\/\/www.axeptabnpparibas.be\/fr\/louer-un-terminal-de-paiement\/#breadcrumb"},"inLanguage":"fr-FR","potentialAction":[{"@type":"ReadAction","target":["https:\/\/www.axeptabnpparibas.be\/fr\/louer-un-terminal-de-paiement\/"]}]},{"@type":"ImageObject","inLanguage":"fr-FR","@id":"https:\/\/www.axeptabnpparibas.be\/fr\/louer-un-terminal-de-paiement\/#primaryimage","url":"\/wp-content\/uploads\/2022\/12\/GettyImages-652722160.jpg","contentUrl":"\/wp-content\/uploads\/2022\/12\/GettyImages-652722160.jpg","width":1900,"height":1267},{"@type":"BreadcrumbList","@id":"https:\/\/www.axeptabnpparibas.be\/fr\/louer-un-terminal-de-paiement\/#breadcrumb","itemListElement":[{"@type":"ListItem","position":1,"name":"Home","item":"https:\/\/www.axeptabnpparibas.be\/fr\/"},{"@type":"ListItem","position":2,"name":"Louer un terminal de paiement"}]},{"@type":"WebSite","@id":"https:\/\/www.axeptabnpparibas.be\/#website","url":"https:\/\/www.axeptabnpparibas.be\/","name":"Axepta BNP Paribas","description":"","publisher":{"@id":"https:\/\/www.axeptabnpparibas.be\/#organization"},"potentialAction":[{"@type":"SearchAction","target":{"@type":"EntryPoint","urlTemplate":"https:\/\/www.axeptabnpparibas.be\/?s={search_term_string}"},"query-input":{"@type":"PropertyValueSpecification","valueRequired":true,"valueName":"search_term_string"}}],"inLanguage":"fr-FR"},{"@type":"Organization","@id":"https:\/\/www.axeptabnpparibas.be\/#organization","name":"Axepta BNP Paribas","url":"https:\/\/www.axeptabnpparibas.be\/","logo":{"@type":"ImageObject","inLanguage":"fr-FR","@id":"https:\/\/www.axeptabnpparibas.be\/#\/schema\/logo\/image\/","url":"\/wp-content\/uploads\/2020\/03\/Logo-BNP.svg","contentUrl":"\/wp-content\/uploads\/2020\/03\/Logo-BNP.svg","caption":"Axepta BNP Paribas"},"image":{"@id":"https:\/\/www.axeptabnpparibas.be\/#\/schema\/logo\/image\/"}}]}},"_links":{"self":[{"href":"https:\/\/www.axeptabnpparibas.be\/fr\/wp-json\/wp\/v2\/pages\/16465","targetHints":{"allow":["GET"]}}],"collection":[{"href":"https:\/\/www.axeptabnpparibas.be\/fr\/wp-json\/wp\/v2\/pages"}],"about":[{"href":"https:\/\/www.axeptabnpparibas.be\/fr\/wp-json\/wp\/v2\/types\/page"}],"author":[{"embeddable":true,"href":"https:\/\/www.axeptabnpparibas.be\/fr\/wp-json\/wp\/v2\/users\/17"}],"replies":[{"embeddable":true,"href":"https:\/\/www.axeptabnpparibas.be\/fr\/wp-json\/wp\/v2\/comments?post=16465"}],"version-history":[{"count":5,"href":"https:\/\/www.axeptabnpparibas.be\/fr\/wp-json\/wp\/v2\/pages\/16465\/revisions"}],"predecessor-version":[{"id":16691,"href":"https:\/\/www.axeptabnpparibas.be\/fr\/wp-json\/wp\/v2\/pages\/16465\/revisions\/16691"}],"wp:featuredmedia":[{"embeddable":true,"href":"https:\/\/www.axeptabnpparibas.be\/fr\/wp-json\/wp\/v2\/media\/13818"}],"wp:attachment":[{"href":"https:\/\/www.axeptabnpparibas.be\/fr\/wp-json\/wp\/v2\/media?parent=16465"}],"curies":[{"name":"wp","href":"https:\/\/api.w.org\/{rel}","templated":true}]}}