{"id":14420,"date":"2023-03-20T14:56:13","date_gmt":"2023-03-20T13:56:13","guid":{"rendered":"https:\/\/www.axepta.be\/promo\/guide-7-tools-to-help-you-keep-on-top-of-your-business-administration\/"},"modified":"2023-03-28T14:56:25","modified_gmt":"2023-03-28T12:56:25","slug":"guide-7-outils-pour-tenir-a-jour-votre-administration","status":"publish","type":"page","link":"https:\/\/www.axeptabnpparibas.be\/fr\/promo\/guide-7-outils-pour-tenir-a-jour-votre-administration\/","title":{"rendered":"Guide : <strong>7\u00a0outils pour tenir \u00e0 jour votre administration<\/strong>"},"content":{"rendered":"\n<div class=\"wp-block-cover alignwide axepta-landing-page-cover\" style=\"min-height:639px;aspect-ratio:unset;\"><span aria-hidden=\"true\" class=\"wp-block-cover__background has-background-dim\"><\/span><img loading=\"lazy\" decoding=\"async\" width=\"1920\" height=\"1080\" class=\"wp-block-cover__image-background wp-image-14357\" alt=\"\" src=\"https:\/\/www.axeptabnpparibas.be\/wp-content\/uploads\/2023\/03\/Untitled-design.png\" data-object-fit=\"cover\" srcset=\"\/wp-content\/uploads\/2023\/03\/Untitled-design.png 1920w, \/wp-content\/uploads\/2023\/03\/Untitled-design-300x169.png 300w, \/wp-content\/uploads\/2023\/03\/Untitled-design-1024x576.png 1024w, \/wp-content\/uploads\/2023\/03\/Untitled-design-768x432.png 768w, \/wp-content\/uploads\/2023\/03\/Untitled-design-1536x864.png 1536w, \/wp-content\/uploads\/2023\/03\/Untitled-design-62x35.png 62w, \/wp-content\/uploads\/2023\/03\/Untitled-design-475x267.png 475w\" sizes=\"auto, (max-width: 1920px) 100vw, 1920px\" \/><div class=\"wp-block-cover__inner-container is-layout-flow wp-block-cover-is-layout-flow\">\n<div class=\"wp-block-getwid-advanced-spacer\" style=\"height:4vw\" aria-hidden=\"true\"><\/div>\n\n\n\n<div class=\"wp-block-columns are-vertically-aligned-center is-layout-flex wp-container-core-columns-is-layout-9d6595d7 wp-block-columns-is-layout-flex\">\n<div class=\"wp-block-column is-vertically-aligned-center is-layout-flow wp-block-column-is-layout-flow\">\n<div class=\"wp-block-group has-white-bnp-color has-text-color\"><div class=\"wp-block-group__inner-container is-layout-constrained wp-block-group-is-layout-constrained\">\n<p class=\"block-visibility-hide-small-screen\">CONSEILS POUR LES ENTREPRENEURS \u00c0 ORGANISER PLUS FACILEMENT LA COMPTABILIT\u00c9<\/p>\n\n\n\n<div style=\"height:30px\" aria-hidden=\"true\" class=\"wp-block-spacer\"><\/div>\n\n\n\n<h1 class=\"wp-block-heading\">Guide : 7&nbsp;outils pour tenir \u00e0 jour votre administration<\/h1>\n\n\n\n<p>\u00c9tablir des factures, rassembler des notes de frais, tenir \u00e0 jour les paiements\u2026 En tant qu\u2019entrepreneur, vous n\u2019avez jamais vraiment termin\u00e9. Un entrepreneur sur deux souhaite consacrer moins de temps aux t\u00e2ches administratives. Mais comment? Voici 7&nbsp;outils qui vous aideront \u00e0 travailler plus intelligemment.<\/p>\n<\/div><\/div>\n<\/div>\n\n\n\n<div class=\"wp-block-column is-vertically-aligned-center is-layout-flow wp-block-column-is-layout-flow\">\n<div class=\"wp-block-group has-white-bnp-background-color has-background\"><div class=\"wp-block-group__inner-container is-layout-constrained wp-block-group-is-layout-constrained\">\n<div class=\"wpcf7 no-js\" id=\"wpcf7-f14402-o1\" lang=\"fr-FR\" dir=\"ltr\" data-wpcf7-id=\"14402\">\n<div class=\"screen-reader-response\"><p role=\"status\" aria-live=\"polite\" aria-atomic=\"true\"><\/p> <ul><\/ul><\/div>\n<form action=\"\/fr\/wp-json\/wp\/v2\/pages\/14420#wpcf7-f14402-o1\" method=\"post\" class=\"wpcf7-form init cf7mls-no-scroll cf7mls-no-moving-animation\" aria-label=\"Formulaire de contact\" novalidate=\"novalidate\" data-status=\"init\">\n<fieldset class=\"hidden-fields-container\"><input type=\"hidden\" name=\"_wpcf7\" value=\"14402\" \/><input type=\"hidden\" name=\"_wpcf7_version\" value=\"6.1.5\" \/><input type=\"hidden\" name=\"_wpcf7_locale\" value=\"fr_FR\" \/><input type=\"hidden\" name=\"_wpcf7_unit_tag\" value=\"wpcf7-f14402-o1\" \/><input type=\"hidden\" name=\"_wpcf7_container_post\" value=\"0\" \/><input type=\"hidden\" name=\"_wpcf7_posted_data_hash\" value=\"\" \/><input type=\"hidden\" name=\"utm_medium\" value=\"Digital Marketing\" \/><input type=\"hidden\" name=\"utm_source\" value=\"\" \/><input type=\"hidden\" name=\"utm_campaign\" value=\"\" \/><input type=\"hidden\" name=\"language\" value=\"French\" \/><input type=\"hidden\" name=\"provider_id\" value=\"axepta\" \/>\n<\/fieldset>\n<p><span id=\"wpcf7-69f28eb7cf798-wrapper\" class=\"wpcf7-form-control-wrap honeypot-150-wrap\" style=\"display:none !important; visibility:hidden !important;\"><label for=\"wpcf7-69f28eb7cf798-field\" class=\"hp-message\">Veuillez laisser ce champ vide.<\/label><input id=\"wpcf7-69f28eb7cf798-field\"  class=\"wpcf7-form-control wpcf7-text\" type=\"text\" name=\"honeypot-150\" value=\"\" size=\"40\" tabindex=\"-1\" autocomplete=\"new-password\" \/><\/span>\n<\/p>\n<div class=\"row\">\n\t<div class=\"col-md-6\">\n\t\t<p><label for=\"your-first-name\">Pr\u00e9nom*<\/label>\n\t\t<\/p>\n\t<\/div>\n\t<div class=\"col-md-6\">\n\t\t<p><label><span class=\"wpcf7-form-control-wrap\" data-name=\"your-first-name\"><input size=\"40\" maxlength=\"400\" class=\"wpcf7-form-control wpcf7-text wpcf7-validates-as-required\" aria-required=\"true\" aria-invalid=\"false\" value=\"\" type=\"text\" name=\"your-first-name\" \/><\/span><\/label>\n\t\t<\/p>\n\t<\/div>\n<\/div>\n<div class=\"row\">\n\t<div class=\"col-md-6\">\n\t\t<p><label for=\"your-last-name\">Nom de famille*<\/label>\n\t\t<\/p>\n\t<\/div>\n\t<div class=\"col-md-6\">\n\t\t<p><label><span class=\"wpcf7-form-control-wrap\" data-name=\"your-last-name\"><input size=\"40\" maxlength=\"400\" class=\"wpcf7-form-control wpcf7-text wpcf7-validates-as-required\" aria-required=\"true\" aria-invalid=\"false\" value=\"\" type=\"text\" name=\"your-last-name\" \/><\/span><\/label>\n\t\t<\/p>\n\t<\/div>\n<\/div>\n<div class=\"row\">\n\t<div class=\"col-md-6\">\n\t\t<p><label for=\"your-company\">Entreprise*<\/label>\n\t\t<\/p>\n\t<\/div>\n\t<div class=\"col-md-6\">\n\t\t<p><label><span class=\"wpcf7-form-control-wrap\" data-name=\"your-company\"><input size=\"40\" maxlength=\"400\" class=\"wpcf7-form-control wpcf7-text wpcf7-validates-as-required\" aria-required=\"true\" aria-invalid=\"false\" value=\"\" type=\"text\" name=\"your-company\" \/><\/span> <\/label>\n\t\t<\/p>\n\t<\/div>\n<\/div>\n<div class=\"row\">\n\t<div class=\"col-md-6\">\n\t\t<p><label for=\"your-email\">E-mail*<\/label>\n\t\t<\/p>\n\t<\/div>\n\t<div class=\"col-md-6\">\n\t\t<p><span class=\"wpcf7-form-control-wrap\" data-name=\"your-email\"><input size=\"40\" maxlength=\"400\" class=\"wpcf7-form-control wpcf7-email wpcf7-validates-as-required wpcf7-text wpcf7-validates-as-email\" aria-required=\"true\" aria-invalid=\"false\" value=\"\" type=\"email\" name=\"your-email\" \/><\/span>\n\t\t<\/p>\n\t<\/div>\n\t<p><span class=\"wpcf7-form-control-wrap\" data-name=\"accept-offer-request\"><span class=\"wpcf7-form-control wpcf7-acceptance optional\"><span class=\"wpcf7-list-item\"><label><input type=\"checkbox\" name=\"accept-offer-request\" value=\"1\" aria-invalid=\"false\" \/><span class=\"wpcf7-list-item-label\">Axepta BNP Paribas peut me contacter et me faire une proposition pour accepter les paiements \u00e9lectroniques dans mon entreprise.<\/span><\/label><\/span><\/span><\/span>\n\t<\/p>\n\t<div class=\"col-md-6\">\n\t\t<p><label for=\"your-phone\">Num\u00e9ro de t\u00e9l\u00e9phone*<\/label>\n\t\t<\/p>\n\t<\/div>\n\t<div class=\"col-md-6\">\n\t\t<p><span class=\"wpcf7-form-control-wrap\" data-name=\"your-phone\"><input size=\"40\" maxlength=\"400\" class=\"wpcf7-form-control wpcf7-tel wpcf7-validates-as-required wpcf7-text wpcf7-validates-as-tel\" aria-required=\"true\" aria-invalid=\"false\" value=\"\" type=\"tel\" name=\"your-phone\" \/><\/span>\n\t\t<\/p>\n\t<\/div>\n<\/div>\n<p><span class=\"wpcf7-form-control-wrap\" data-name=\"accept-this\"><span class=\"wpcf7-form-control wpcf7-acceptance\"><span class=\"wpcf7-list-item\"><label><input type=\"checkbox\" name=\"accept-this\" value=\"1\" aria-invalid=\"false\" \/><span class=\"wpcf7-list-item-label\">Les donn\u00e9es personnelles r\u00e9colt\u00e9es seront trait\u00e9es par Axepta BNP Paribas Benelux NV\/SA, en tant que responsable du traitement, et ne sont utilis\u00e9es que pour l\u2019examen et le suivi de cette demande. Pour plus de d\u00e9tails concernant les droits et obligations dans ce traitement, voyez les paragraphes 3 et 8 de la D\u00e9claration de confidentialit\u00e9.<\/span><\/label><\/span><\/span><\/span>\n<\/p>\n<p><input class=\"wpcf7-form-control wpcf7-submit has-spinner btn btn-primary\" type=\"submit\" value=\"T\u00e9l\u00e9charger le guide\" \/><br \/>\n<\/p><input type='hidden' class='wpcf7-pum' value='{\"closepopup\":false,\"closedelay\":0,\"openpopup\":false,\"openpopup_id\":0}' \/><div class=\"wpcf7-response-output\" aria-hidden=\"true\"><\/div>\n<\/form>\n<\/div>\n\n<\/div><\/div>\n<\/div>\n<\/div>\n<\/div><\/div>\n\n\n\r\n<div id=\"title-category-block_37f60aaf8c7e9c6dc3099b9f26c7f09c\" class=\"block-title-category  \">\r\n\r\n    <div class=\"container\">        \r\n          \r\n\r\n                    <h2 class=\"title\">Moins d&rsquo;administration gr\u00e2ce aux paiements \u00e9lectroniques<\/h2>\r\n            <\/div>\r\n\r\n<\/div>\n\n\n<div style=\"height:20px\" aria-hidden=\"true\" class=\"wp-block-spacer\"><\/div>\n\n\n\r\n<div id=\"header-classic-block_e9b6a96ec3b7868ca40603a513390ba7\" class=\"block-header-classic   image--mobile-hidden\">\r\n\r\n    <div class=\"container\">    \r\n\r\n      <div class=\"block-header-classic-content\">\r\n          \r\n\r\n                \r\n                  <div class=\"abstract\"><p>Conservez-vous vos tickets de caisse papier en pile ? Pour ensuite compter votre argent et noter vos transactions dans votre livre de caisse ? Un terminal de paiement qui accepte les cartes de paiement rend ces t\u00e2ches fastidieuses superflues. De plus, vous gagnez du temps car vous ne devez pas vous rendre \u00e0 la banque. L\u2019argent se trouvera sur votre compte bancaire d\u00e8s le lendemain. <\/p>\n<p>Axepta BNP Paribas vous donne acc\u00e8s \u00e0 un portail en ligne avec un aper\u00e7u de vos transactions. Gr\u00e2ce aux rapports automatiques, votre comptable et vous voient imm\u00e9diatement combien vous avez vendu et \u00e0 quel moment.  <\/p>\n<p><a class=\"btn btn-primary\" href=\"https:\/\/www.axeptabnpparibas.be\/fr\/devenir-client\/\" target=\"_blank\" rel=\"noopener\">D\u00e9couvrez nos solutions<\/a><\/p>\n<\/div>\r\n        \r\n              <\/div>\r\n\r\n      <div class=\"block-header-classic-image\">\r\n                    <div class=\"image\">\r\n                <img loading=\"lazy\" decoding=\"async\" width=\"475\" height=\"316\" src=\"\/wp-content\/uploads\/2020\/09\/GettyImages-652722160-475x316.jpg\" class=\"attachment-image-header-classic size-image-header-classic\" alt=\"\" srcset=\"\/wp-content\/uploads\/2020\/09\/GettyImages-652722160-475x316.jpg 475w, \/wp-content\/uploads\/2020\/09\/GettyImages-652722160-300x200.jpg 300w, \/wp-content\/uploads\/2020\/09\/GettyImages-652722160-1024x683.jpg 1024w, \/wp-content\/uploads\/2020\/09\/GettyImages-652722160-768x512.jpg 768w, \/wp-content\/uploads\/2020\/09\/GettyImages-652722160-1536x1024.jpg 1536w, \/wp-content\/uploads\/2020\/09\/GettyImages-652722160-2048x1365.jpg 2048w, \/wp-content\/uploads\/2020\/09\/GettyImages-652722160-53x35.jpg 53w\" sizes=\"auto, (max-width: 475px) 100vw, 475px\" \/>            <\/div>\r\n              <\/div>\r\n      \r\n    <\/div>\r\n\r\n<\/div>\n\n\n\t\n\t\t<div class=\"featured-post  \">\n\t\t\t<div class=\"container\">\n\t\t\t\t<article id=\"post-14410\" class=\"post-14410 post type-post status-publish format-standard has-post-thumbnail hentry category-avis-dexperts\">\n\n\t\t\t\t\t<div class=\"row\">\n\n\t\t\t\t\t\t<div class=\"col-12 col-md-6 order-2 order-md-1\">\n\t\t\t\t\t\t\t<div class=\"post__meta\">\n\t\t\t\t\t\t\t\t<a href=\"https:\/\/www.axeptabnpparibas.be\/fr\/blog\/category\/avis-dexperts\/\" rel=\"category tag\">Avis d&rsquo;experts<\/a>\t\t\t\t\t\t\t<\/div><!-- .entry-meta -->\n\n\t\t\t\t\t\t\t<h3 class=\"post__title\">\n\t\t\t\t\t\t\t\t<a href=\"https:\/\/www.axeptabnpparibas.be\/fr\/blog\/2023\/03\/16\/5-conseils-pour-simplifier-votre-comptabilite\/\" title=\"5 &lt;strong&gt;conseils pour une comptabilit\u00e9 plus ais\u00e9e&lt;\/strong&gt;\" rel=\"bookmark\">\n\t\t\t\t\t\t\t\t\t5 <strong>conseils pour une comptabilit\u00e9 plus ais\u00e9e<\/strong>\t\t\t\t\t\t\t\t<\/a>\n\t\t\t\t\t\t\t<\/h3>\n\n\t\t\t\t\t\t\t<div class=\"post__excerpt\">\n\t\t\t\t\t\t\t\t<p>Un entrepreneur sur deux souhaite consacrer moins de temps aux t\u00e2ches administratives. C\u2019est compr\u00e9hensible, \u00e9tant donn\u00e9 qu\u2019un ind\u00e9pendant moyen y consacre 9 des 55 heures de travail hebdomadaires (source&nbsp;: Unizo). Ne parlons m\u00eame pas de la tornade qui entoure la d\u00e9claration trimestrielle&#8230; Vous vous reconnaissez&nbsp;? Gr\u00e2ce \u00e0 ces 5 conseils, organisez votre comptabilit\u00e9 plus facilement [&hellip;]<\/p>\n\t\t\t\t\t\t\t<\/div>\n\n\t\t\t\t\t\t\t<a href=\"https:\/\/www.axeptabnpparibas.be\/fr\/blog\/2023\/03\/16\/5-conseils-pour-simplifier-votre-comptabilite\/\" title=\"5 &lt;strong&gt;conseils pour une comptabilit\u00e9 plus ais\u00e9e&lt;\/strong&gt;\" class=\"more-link btn btn-sm btn-primary\">\n\t\t\t\t\t\t\t\tEn savoir plus\t\t\t\t\t\t\t\t<span class=\"screen-reader-text sr-only\">\u00ab\u00a05 <strong>conseils pour une comptabilit\u00e9 plus ais\u00e9e<\/strong>\u00ab\u00a0<\/span>\n\t\t\t\t\t\t\t<\/a>\n\t\t\t\t\t\t<\/div>\n\n\t\t\t\t\t\t<div class=\"col-12 col-md-6 order-1 order-md-2\">\n\t\t\t\t\t\t\t\t\t\t\t\t\t\t\t<a href=\"https:\/\/www.axeptabnpparibas.be\/fr\/blog\/2023\/03\/16\/5-conseils-pour-simplifier-votre-comptabilite\/\" class=\"post-thumbnail mb-md-0 mb-4\"\n\t\t\t\t\t\t\t\t   title=\"5 &lt;strong&gt;conseils pour une comptabilit\u00e9 plus ais\u00e9e&lt;\/strong&gt;\" rel=\"bookmark\">\n\t\t\t\t\t\t\t\t\t<img loading=\"lazy\" decoding=\"async\" width=\"2048\" height=\"1193\" src=\"\/wp-content\/uploads\/2023\/03\/Blogpost-Facilitate-Your-Taxes.png\" class=\"attachment-full size-full wp-post-image\" alt=\"\" srcset=\"\/wp-content\/uploads\/2023\/03\/Blogpost-Facilitate-Your-Taxes.png 2048w, \/wp-content\/uploads\/2023\/03\/Blogpost-Facilitate-Your-Taxes-300x175.png 300w, \/wp-content\/uploads\/2023\/03\/Blogpost-Facilitate-Your-Taxes-1024x597.png 1024w, \/wp-content\/uploads\/2023\/03\/Blogpost-Facilitate-Your-Taxes-768x447.png 768w, \/wp-content\/uploads\/2023\/03\/Blogpost-Facilitate-Your-Taxes-1536x895.png 1536w, \/wp-content\/uploads\/2023\/03\/Blogpost-Facilitate-Your-Taxes-60x35.png 60w, \/wp-content\/uploads\/2023\/03\/Blogpost-Facilitate-Your-Taxes-475x277.png 475w\" sizes=\"auto, (max-width: 2048px) 100vw, 2048px\" \/>\t\t\t\t\t\t\t\t<\/a>\n\t\t\t\t\t\t\t\t\t\t\t\t\t<\/div>\n\n\t\t\t\t\t<\/div>\n\n\t\t\t\t<\/article><!-- #post-## -->\n\n\t\t\t<\/div>\n\t\t<\/div>\n\n\t\n\n\n\r\n<div id=\"cta-contact-block_6df0dc80d4275c619a42fee96776cbb8\" class=\"block-cta-contact  \">\r\n  <div class=\"container\">\r\n    <div class=\"block-cta-contact-content\">\r\n      <div>\r\n              <span class=\"title-category\">Une urgence ? Contactez-nous via +32 (0)800 94 044 ou sales@axepta.be<\/span>\r\n                    <h2 class=\"title\">Des questions ? Nous sommes l\u00e0 pour vous aider !<\/h2>\r\n            <\/div>\r\n      <div>\r\n              <a href=\"https:\/\/www.axeptabnpparibas.be\/fr\/devenir-client\/\" class=\"btn btn-primary\" >\r\n          Plus d&rsquo;informations        <\/a>\r\n            <\/div>\r\n    <\/div>\r\n  <\/div>\r\n<\/div>\n\n<div class=\"wp-block-image\">\n<figure class=\"aligncenter size-large\"><img loading=\"lazy\" decoding=\"async\" width=\"469\" height=\"65\" src=\"https:\/\/www.axeptabnpparibas.be\/wp-content\/uploads\/2021\/10\/card-schemes.png\" alt=\"\" class=\"wp-image-5960\" srcset=\"\/wp-content\/uploads\/2021\/10\/card-schemes.png 469w, \/wp-content\/uploads\/2021\/10\/card-schemes-300x42.png 300w, \/wp-content\/uploads\/2021\/10\/card-schemes-120x17.png 120w\" sizes=\"auto, (max-width: 469px) 100vw, 469px\" \/><\/figure><\/div>","protected":false},"excerpt":{"rendered":"","protected":false},"author":17,"featured_media":0,"parent":3849,"menu_order":0,"comment_status":"closed","ping_status":"closed","template":"","meta":{"_acf_changed":false,"footnotes":""},"class_list":["post-14420","page","type-page","status-publish","hentry"],"acf":[],"yoast_head":"<!-- This site is optimized with the Yoast SEO plugin v27.3 - https:\/\/yoast.com\/product\/yoast-seo-wordpress\/ -->\n<title>Guide : 7\u00a0outils pour tenir \u00e0 jour votre administration - Axepta BNP Paribas<\/title>\n<meta name=\"robots\" content=\"index, follow, max-snippet:-1, max-image-preview:large, max-video-preview:-1\" \/>\n<link rel=\"canonical\" href=\"https:\/\/www.axeptabnpparibas.be\/fr\/promo\/guide-7-outils-pour-tenir-a-jour-votre-administration\/\" \/>\n<meta property=\"og:locale\" content=\"fr_FR\" \/>\n<meta property=\"og:type\" content=\"article\" \/>\n<meta property=\"og:title\" content=\"Guide : 7\u00a0outils pour tenir \u00e0 jour votre administration - Axepta BNP Paribas\" \/>\n<meta property=\"og:url\" content=\"https:\/\/www.axeptabnpparibas.be\/fr\/promo\/guide-7-outils-pour-tenir-a-jour-votre-administration\/\" \/>\n<meta property=\"og:site_name\" content=\"Axepta BNP Paribas\" \/>\n<meta property=\"article:modified_time\" content=\"2023-03-28T12:56:25+00:00\" \/>\n<meta property=\"og:image\" content=\"https:\/\/www.axeptabnpparibas.be\/wp-content\/uploads\/2023\/03\/Untitled-design.png\" \/>\n<meta name=\"twitter:card\" content=\"summary_large_image\" \/>\n<meta name=\"twitter:label1\" content=\"Dur\u00e9e de lecture estim\u00e9e\" \/>\n\t<meta name=\"twitter:data1\" content=\"1 minute\" \/>\n<script type=\"application\/ld+json\" class=\"yoast-schema-graph\">{\"@context\":\"https:\\\/\\\/schema.org\",\"@graph\":[{\"@type\":\"WebPage\",\"@id\":\"https:\\\/\\\/www.axeptabnpparibas.be\\\/fr\\\/promo\\\/guide-7-outils-pour-tenir-a-jour-votre-administration\\\/\",\"url\":\"https:\\\/\\\/www.axeptabnpparibas.be\\\/fr\\\/promo\\\/guide-7-outils-pour-tenir-a-jour-votre-administration\\\/\",\"name\":\"Guide : 7\u00a0outils pour tenir \u00e0 jour votre administration - Axepta BNP Paribas\",\"isPartOf\":{\"@id\":\"https:\\\/\\\/www.axeptabnpparibas.be\\\/#website\"},\"primaryImageOfPage\":{\"@id\":\"https:\\\/\\\/www.axeptabnpparibas.be\\\/fr\\\/promo\\\/guide-7-outils-pour-tenir-a-jour-votre-administration\\\/#primaryimage\"},\"image\":{\"@id\":\"https:\\\/\\\/www.axeptabnpparibas.be\\\/fr\\\/promo\\\/guide-7-outils-pour-tenir-a-jour-votre-administration\\\/#primaryimage\"},\"thumbnailUrl\":\"https:\\\/\\\/www.axeptabnpparibas.be\\\/wp-content\\\/uploads\\\/2023\\\/03\\\/Untitled-design.png\",\"datePublished\":\"2023-03-20T13:56:13+00:00\",\"dateModified\":\"2023-03-28T12:56:25+00:00\",\"breadcrumb\":{\"@id\":\"https:\\\/\\\/www.axeptabnpparibas.be\\\/fr\\\/promo\\\/guide-7-outils-pour-tenir-a-jour-votre-administration\\\/#breadcrumb\"},\"inLanguage\":\"fr-FR\",\"potentialAction\":[{\"@type\":\"ReadAction\",\"target\":[\"https:\\\/\\\/www.axeptabnpparibas.be\\\/fr\\\/promo\\\/guide-7-outils-pour-tenir-a-jour-votre-administration\\\/\"]}]},{\"@type\":\"ImageObject\",\"inLanguage\":\"fr-FR\",\"@id\":\"https:\\\/\\\/www.axeptabnpparibas.be\\\/fr\\\/promo\\\/guide-7-outils-pour-tenir-a-jour-votre-administration\\\/#primaryimage\",\"url\":\"https:\\\/\\\/www.axeptabnpparibas.be\\\/wp-content\\\/uploads\\\/2023\\\/03\\\/Untitled-design.png\",\"contentUrl\":\"https:\\\/\\\/www.axeptabnpparibas.be\\\/wp-content\\\/uploads\\\/2023\\\/03\\\/Untitled-design.png\"},{\"@type\":\"BreadcrumbList\",\"@id\":\"https:\\\/\\\/www.axeptabnpparibas.be\\\/fr\\\/promo\\\/guide-7-outils-pour-tenir-a-jour-votre-administration\\\/#breadcrumb\",\"itemListElement\":[{\"@type\":\"ListItem\",\"position\":1,\"name\":\"Home\",\"item\":\"https:\\\/\\\/www.axeptabnpparibas.be\\\/fr\\\/\"},{\"@type\":\"ListItem\",\"position\":2,\"name\":\"Promotions\",\"item\":\"https:\\\/\\\/www.axeptabnpparibas.be\\\/fr\\\/promo\\\/\"},{\"@type\":\"ListItem\",\"position\":3,\"name\":\"Guide : 7\u00a0outils pour tenir \u00e0 jour votre administration\"}]},{\"@type\":\"WebSite\",\"@id\":\"https:\\\/\\\/www.axeptabnpparibas.be\\\/#website\",\"url\":\"https:\\\/\\\/www.axeptabnpparibas.be\\\/\",\"name\":\"Axepta BNP Paribas\",\"description\":\"\",\"publisher\":{\"@id\":\"https:\\\/\\\/www.axeptabnpparibas.be\\\/#organization\"},\"potentialAction\":[{\"@type\":\"SearchAction\",\"target\":{\"@type\":\"EntryPoint\",\"urlTemplate\":\"https:\\\/\\\/www.axeptabnpparibas.be\\\/?s={search_term_string}\"},\"query-input\":{\"@type\":\"PropertyValueSpecification\",\"valueRequired\":true,\"valueName\":\"search_term_string\"}}],\"inLanguage\":\"fr-FR\"},{\"@type\":\"Organization\",\"@id\":\"https:\\\/\\\/www.axeptabnpparibas.be\\\/#organization\",\"name\":\"Axepta BNP Paribas\",\"url\":\"https:\\\/\\\/www.axeptabnpparibas.be\\\/\",\"logo\":{\"@type\":\"ImageObject\",\"inLanguage\":\"fr-FR\",\"@id\":\"https:\\\/\\\/www.axeptabnpparibas.be\\\/#\\\/schema\\\/logo\\\/image\\\/\",\"url\":\"\\\/wp-content\\\/uploads\\\/2020\\\/03\\\/Logo-BNP.svg\",\"contentUrl\":\"\\\/wp-content\\\/uploads\\\/2020\\\/03\\\/Logo-BNP.svg\",\"caption\":\"Axepta BNP Paribas\"},\"image\":{\"@id\":\"https:\\\/\\\/www.axeptabnpparibas.be\\\/#\\\/schema\\\/logo\\\/image\\\/\"}}]}<\/script>\n<!-- \/ Yoast SEO plugin. -->","yoast_head_json":{"title":"Guide : 7\u00a0outils pour tenir \u00e0 jour votre administration - Axepta BNP Paribas","robots":{"index":"index","follow":"follow","max-snippet":"max-snippet:-1","max-image-preview":"max-image-preview:large","max-video-preview":"max-video-preview:-1"},"canonical":"https:\/\/www.axeptabnpparibas.be\/fr\/promo\/guide-7-outils-pour-tenir-a-jour-votre-administration\/","og_locale":"fr_FR","og_type":"article","og_title":"Guide : 7\u00a0outils pour tenir \u00e0 jour votre administration - Axepta BNP Paribas","og_url":"https:\/\/www.axeptabnpparibas.be\/fr\/promo\/guide-7-outils-pour-tenir-a-jour-votre-administration\/","og_site_name":"Axepta BNP Paribas","article_modified_time":"2023-03-28T12:56:25+00:00","og_image":[{"url":"https:\/\/www.axeptabnpparibas.be\/wp-content\/uploads\/2023\/03\/Untitled-design.png","type":"","width":"","height":""}],"twitter_card":"summary_large_image","twitter_misc":{"Dur\u00e9e de lecture estim\u00e9e":"1 minute"},"schema":{"@context":"https:\/\/schema.org","@graph":[{"@type":"WebPage","@id":"https:\/\/www.axeptabnpparibas.be\/fr\/promo\/guide-7-outils-pour-tenir-a-jour-votre-administration\/","url":"https:\/\/www.axeptabnpparibas.be\/fr\/promo\/guide-7-outils-pour-tenir-a-jour-votre-administration\/","name":"Guide : 7\u00a0outils pour tenir \u00e0 jour votre administration - Axepta BNP Paribas","isPartOf":{"@id":"https:\/\/www.axeptabnpparibas.be\/#website"},"primaryImageOfPage":{"@id":"https:\/\/www.axeptabnpparibas.be\/fr\/promo\/guide-7-outils-pour-tenir-a-jour-votre-administration\/#primaryimage"},"image":{"@id":"https:\/\/www.axeptabnpparibas.be\/fr\/promo\/guide-7-outils-pour-tenir-a-jour-votre-administration\/#primaryimage"},"thumbnailUrl":"https:\/\/www.axeptabnpparibas.be\/wp-content\/uploads\/2023\/03\/Untitled-design.png","datePublished":"2023-03-20T13:56:13+00:00","dateModified":"2023-03-28T12:56:25+00:00","breadcrumb":{"@id":"https:\/\/www.axeptabnpparibas.be\/fr\/promo\/guide-7-outils-pour-tenir-a-jour-votre-administration\/#breadcrumb"},"inLanguage":"fr-FR","potentialAction":[{"@type":"ReadAction","target":["https:\/\/www.axeptabnpparibas.be\/fr\/promo\/guide-7-outils-pour-tenir-a-jour-votre-administration\/"]}]},{"@type":"ImageObject","inLanguage":"fr-FR","@id":"https:\/\/www.axeptabnpparibas.be\/fr\/promo\/guide-7-outils-pour-tenir-a-jour-votre-administration\/#primaryimage","url":"https:\/\/www.axeptabnpparibas.be\/wp-content\/uploads\/2023\/03\/Untitled-design.png","contentUrl":"https:\/\/www.axeptabnpparibas.be\/wp-content\/uploads\/2023\/03\/Untitled-design.png"},{"@type":"BreadcrumbList","@id":"https:\/\/www.axeptabnpparibas.be\/fr\/promo\/guide-7-outils-pour-tenir-a-jour-votre-administration\/#breadcrumb","itemListElement":[{"@type":"ListItem","position":1,"name":"Home","item":"https:\/\/www.axeptabnpparibas.be\/fr\/"},{"@type":"ListItem","position":2,"name":"Promotions","item":"https:\/\/www.axeptabnpparibas.be\/fr\/promo\/"},{"@type":"ListItem","position":3,"name":"Guide : 7\u00a0outils pour tenir \u00e0 jour votre administration"}]},{"@type":"WebSite","@id":"https:\/\/www.axeptabnpparibas.be\/#website","url":"https:\/\/www.axeptabnpparibas.be\/","name":"Axepta BNP Paribas","description":"","publisher":{"@id":"https:\/\/www.axeptabnpparibas.be\/#organization"},"potentialAction":[{"@type":"SearchAction","target":{"@type":"EntryPoint","urlTemplate":"https:\/\/www.axeptabnpparibas.be\/?s={search_term_string}"},"query-input":{"@type":"PropertyValueSpecification","valueRequired":true,"valueName":"search_term_string"}}],"inLanguage":"fr-FR"},{"@type":"Organization","@id":"https:\/\/www.axeptabnpparibas.be\/#organization","name":"Axepta BNP Paribas","url":"https:\/\/www.axeptabnpparibas.be\/","logo":{"@type":"ImageObject","inLanguage":"fr-FR","@id":"https:\/\/www.axeptabnpparibas.be\/#\/schema\/logo\/image\/","url":"\/wp-content\/uploads\/2020\/03\/Logo-BNP.svg","contentUrl":"\/wp-content\/uploads\/2020\/03\/Logo-BNP.svg","caption":"Axepta BNP Paribas"},"image":{"@id":"https:\/\/www.axeptabnpparibas.be\/#\/schema\/logo\/image\/"}}]}},"_links":{"self":[{"href":"https:\/\/www.axeptabnpparibas.be\/fr\/wp-json\/wp\/v2\/pages\/14420","targetHints":{"allow":["GET"]}}],"collection":[{"href":"https:\/\/www.axeptabnpparibas.be\/fr\/wp-json\/wp\/v2\/pages"}],"about":[{"href":"https:\/\/www.axeptabnpparibas.be\/fr\/wp-json\/wp\/v2\/types\/page"}],"author":[{"embeddable":true,"href":"https:\/\/www.axeptabnpparibas.be\/fr\/wp-json\/wp\/v2\/users\/17"}],"replies":[{"embeddable":true,"href":"https:\/\/www.axeptabnpparibas.be\/fr\/wp-json\/wp\/v2\/comments?post=14420"}],"version-history":[{"count":4,"href":"https:\/\/www.axeptabnpparibas.be\/fr\/wp-json\/wp\/v2\/pages\/14420\/revisions"}],"predecessor-version":[{"id":14475,"href":"https:\/\/www.axeptabnpparibas.be\/fr\/wp-json\/wp\/v2\/pages\/14420\/revisions\/14475"}],"up":[{"embeddable":true,"href":"https:\/\/www.axeptabnpparibas.be\/fr\/wp-json\/wp\/v2\/pages\/3849"}],"wp:attachment":[{"href":"https:\/\/www.axeptabnpparibas.be\/fr\/wp-json\/wp\/v2\/media?parent=14420"}],"curies":[{"name":"wp","href":"https:\/\/api.w.org\/{rel}","templated":true}]}}